{"id":34,"date":"2020-04-25T09:25:07","date_gmt":"2020-04-25T09:25:07","guid":{"rendered":"http:\/\/monteurwohnung-vermieten.de\/?page_id=34"},"modified":"2021-09-23T13:00:33","modified_gmt":"2021-09-23T11:00:33","slug":"datenschutzerklaerung","status":"publish","type":"page","link":"https:\/\/monteurwohnung-vermieten.de\/cs\/datenschutzerklaerung\/","title":{"rendered":"Ochrana dat"},"content":{"rendered":"<p>[et_pb_section fb_built=&#8220;1&#8243; fullwidth=&#8220;on&#8220; _builder_version=&#8220;4.10.7&#8243; _module_preset=&#8220;default&#8220; background_color=&#8220;RGBA(0,0,0,0)&#8220; global_colors_info=&#8220;{}&#8220;][et_pb_fullwidth_header title=&#8220;Datenschutzerkl\u00e4rung&#8220; _builder_version=&#8220;4.10.7&#8243; _module_preset=&#8220;default&#8220; background_color=&#8220;#4C6443&#8243; global_colors_info=&#8220;{}&#8220;]<h3>Verantwortliche Stelle und Datenschutzbeauftragter:<\/h3>\n<p>Holger G\u00f6cht<br \/>\nD\u00fcbener Strasse 107<br \/>\n04509 Delitzsch<br \/>\nTelefon: 034202 50169<br \/>\nEmail: info@fewo-delitzsch.de[\/et_pb_fullwidth_header][\/et_pb_section][et_pb_section fb_built=&#8220;1&#8243; _builder_version=&#8220;4.10.4&#8243; global_colors_info=&#8220;{}&#8220;][et_pb_row _builder_version=&#8220;4.4.4&#8243; global_colors_info=&#8220;{}&#8220;][et_pb_column type=&#8220;4_4&#8243; _builder_version=&#8220;4.4.4&#8243; global_colors_info=&#8220;{}&#8220;][et_pb_text _builder_version=&#8220;4.10.7&#8243; global_colors_info=&#8220;{}&#8220;]<\/p>\n<h3>V\u0161eobecn\u00e9<\/h3>\n<p style=\"text-align: justify;\">Tyto str\u00e1nky byly vytvo\u0159eny s t\u00e9matem WordPress Elegant Dive. Pou\u017e\u00edv\u00e1 se kontaktn\u00ed formul\u00e1\u0159 Divi. V\u00fdsledn\u00e9 \u00fadaje pou\u017eiji pouze j\u00e1 ke zpracov\u00e1n\u00ed va\u0161eho po\u017eadavku a nebudou p\u0159ed\u00e1v\u00e1ny.<br \/> Web byl zaregistrov\u00e1n ve Vyhled\u00e1v\u00e1n\u00ed Google, aby jej bylo mo\u017en\u00e9 naj\u00edt ve vyhled\u00e1va\u010di.<br \/> P\u0159\u00edstup na m\u016fj web hodnot\u00edm prost\u0159ednictv\u00edm Google Analytics, abych zlep\u0161il p\u0159\u00edtomnost sv\u00e9ho vyhled\u00e1va\u010de.<br \/> K ochran\u011b p\u0159ed spamem pou\u017e\u00edv\u00e1m plugin Akismet Anti-Spam WordPress. <br \/> Aby se zobrazila moje poloha, byly na web integrov\u00e1ny Mapy Google.<br \/> Web pou\u017e\u00edv\u00e1 k zobrazen\u00ed text\u016f webov\u00e9 fondy Google.<br \/> Ochranu va\u0161ich \u00fadaj\u016f beru velmi v\u00e1\u017en\u011b. S va\u0161imi osobn\u00edmi \u00fadaji zach\u00e1z\u00edm d\u016fv\u011brn\u011b a v souladu se z\u00e1konn\u00fdmi p\u0159edpisy o ochran\u011b \u00fadaj\u016f a prohl\u00e1\u0161en\u00edm o ochran\u011b \u00fadaj\u016f.<\/p>\n<p><\/p>\n<h3>Akismet ochrana proti spamu<\/h3>\n<p style=\"text-align: justify;\">Akismet ov\u011b\u0159uje koment\u00e1\u0159e a odesl\u00e1n\u00ed kontaktn\u00edch formul\u00e1\u0159\u016f proti glob\u00e1ln\u00ed spamov\u00e9 datab\u00e1zi, aby zabr\u00e1nil zve\u0159ejn\u011bn\u00ed \u0161kodliv\u00e9ho obsahu na webu. Na \u00fadaje se vztahuj\u00ed r\u016fzn\u00e9 podm\u00ednky ochrany \u00fadaj\u016f spole\u010dnosti Automattic: https:\/\/automattic.com\/<\/p>\n<p>[\/et_pb_text][\/et_pb_column][\/et_pb_row][et_pb_row _builder_version=&#8220;4.10.8&#8243; _module_preset=&#8220;default&#8220;][et_pb_column _builder_version=&#8220;4.10.8&#8243; _module_preset=&#8220;default&#8220; type=&#8220;4_4&#8243;][et_pb_text _builder_version=&#8220;4.10.8&#8243; _module_preset=&#8220;default&#8220; hover_enabled=&#8220;0&#8243; sticky_enabled=&#8220;0&#8243;]<\/p>\n<h2 style=\"text-align: center;\">Datenschutzerkl\u00e4rung zur Website.<\/h2>\n<p>[\/et_pb_text][\/et_pb_column][\/et_pb_row][et_pb_row _builder_version=&#8220;4.4.4&#8243; global_colors_info=&#8220;{}&#8220;][et_pb_column type=&#8220;4_4&#8243; _builder_version=&#8220;4.4.4&#8243; global_colors_info=&#8220;{}&#8220;][et_pb_text _builder_version=&#8220;4.10.7&#8243; global_colors_info=&#8220;{}&#8220;]<\/p>\n<h3>Vyhodnocen\u00ed \u00fadaj\u016f pomoc\u00ed Google Analytics<\/h3>\n<p style=\"text-align: justify;\">>Diese Website benutzt Google Analytics und verwendet sog. \u201eCookies\u201c Textdateien, die auf Ihrem Computer gespeichert werden und die die Analyse der Benutzung der Website durch Sie erm\u00f6glichten. Die durch den Cookie erzeugten Informationen \u00fcber Ihre Benutzung werden auf einen Server von Google \u00fcbertragen und gespeicher. Im Falle der IP- Analysierung auf dieser Website wird Ihre IP-Adresse von Google jedoch zuvor gek\u00fcrzt. In meinem Auftrag nutzt Google diese Informationen um Ihre Nutzung unserer Website auszuwerten, um Reports \u00fcber die Websiteaktivit\u00e4ten zusammenzustellen und um weitere mit der Websitenutzung und der Internetnutzung verbundene Dienstleistung uns gegen\u00fcber zu erbringen. Die im Rahmen von Google Analytics von ihrem Browser \u00fcbermittelte IP-Adresse wird nicht mit anderen Daten von Google Analytics zusammengef\u00fchrt. Sie k\u00f6nnen die Speicherung der Cookies durch eine entsprechende Einstellung Ihrer Browser-Software verhindern. Sie k\u00f6nnen dar\u00fcber hinaus die Erfassung der durch das Cookie erzeugten und auf Ihre Nutzung der Website bezogenen Daten (inkl. Ihrer IP- Adresse) an Google sowie die Verarbeitung dieser Daten durch Google verhindern, indem Sie das unter dem folgenden Link verf\u00fcgbare Browser- Plugin herunterladen und installieren: http:\/\/tools.google.com\/dlpage\/gaoptout<\/p>\n<p>[\/et_pb_text][\/et_pb_column][\/et_pb_row][et_pb_row _builder_version=&#8220;4.4.4&#8243; global_colors_info=&#8220;{}&#8220;][et_pb_column type=&#8220;4_4&#8243; _builder_version=&#8220;4.4.4&#8243; global_colors_info=&#8220;{}&#8220;][et_pb_text _builder_version=&#8220;4.4.4&#8243; global_colors_info=&#8220;{}&#8220;]<\/p>\n<h3>Pou\u017e\u00edv\u00e1n\u00ed cookies<\/h3>\n<p> Cookies jsou textov\u00e9 soubory, kter\u00e9 jsou ulo\u017eeny v po\u010d\u00edta\u010d\u00edch. Absolutn\u011b nezbytn\u00e9 soubory cookie zaru\u010duj\u00ed funkce, bez nich\u017e nelze tento web pou\u017e\u00edvat tak, jak bylo zam\u00fd\u0161leno. Tyto cookies pou\u017e\u00edv\u00e1 v\u00fdhradn\u011b provozovatel t\u00e9to webov\u00e9 str\u00e1nky; souhlas u\u017eivatele nen\u00ed vy\u017eadov\u00e1n. Tyto cookies proto nelze deaktivovat. Jin\u00e9 soubory cookie umo\u017e\u0148uj\u00ed webu shroma\u017e\u010fovat informace o tom, jak je tento web pou\u017e\u00edv\u00e1n (nap\u0159. Pro Google Analytics). Tyto soubory cookie pou\u017e\u00edv\u00e1m ke zv\u00fd\u0161en\u00ed atraktivity, obsahu a funk\u010dnosti webov\u00fdch str\u00e1nek a ke zv\u00fd\u0161en\u00ed bezpe\u010dnosti webov\u00fdch str\u00e1nek. Sv\u016fj prohl\u00ed\u017ee\u010d m\u016f\u017eete nastavit tak, abyste byli informov\u00e1ni o nastaven\u00ed cookies. P\u0159i deaktivaci m\u016f\u017ee b\u00fdt pou\u017e\u00edv\u00e1n\u00ed webov\u00fdch str\u00e1nek omezeno. Soubory cookie, kter\u00e9 vy\u017eaduj\u00ed souhlas, jsou nastaveny pouze s p\u0159edchoz\u00edm souhlasem u\u017eivatele. Informace o podm\u00ednk\u00e1ch ochrany \u00fadaj\u016f najdete na: https:\/\/www.google.de\/policies\/privacy\/<\/p>\n<p>[\/et_pb_text][\/et_pb_column][\/et_pb_row][et_pb_row _builder_version=&#8220;4.4.4&#8243; global_colors_info=&#8220;{}&#8220;][et_pb_column type=&#8220;4_4&#8243; _builder_version=&#8220;4.4.4&#8243; global_colors_info=&#8220;{}&#8220;][et_pb_text _builder_version=&#8220;4.9.1&#8243; global_colors_info=&#8220;{}&#8220;]<\/p>\n<h3>Pou\u017e\u00edv\u00e1n\u00ed soci\u00e1ln\u00edch plugin\u016f<\/h3>\n<p>Tato webov\u00e1 str\u00e1nka nepou\u017e\u00edv\u00e1 \u017e\u00e1dn\u00e9 mechanismy, kter\u00fdmi se informace automaticky p\u0159en\u00e1\u0161ej\u00ed k poskytovatel\u016fm slu\u017eeb soci\u00e1ln\u00edch m\u00e9di\u00ed, kdy\u017e nav\u0161t\u00edv\u00edte n\u00e1\u0161 web (soci\u00e1ln\u00ed pluginy).<br \/>\nJak\u00e1koli p\u0159esm\u011brov\u00e1n\u00ed na poskytovatele slu\u017eeb soci\u00e1ln\u00edch m\u00e9di\u00ed, jako je YouTube, Facebook atd., Se prov\u00e1d\u011bj\u00ed v\u00fdhradn\u011b prost\u0159ednictv\u00edm odkazu, tak\u017ee \u00fadaje o va\u0161\u00ed n\u00e1v\u0161t\u011bv\u011b na\u0161\u00ed nab\u00eddky (nap\u0159. IP adresa, \u010das, URL) nebo \u00fadaje dostupn\u00e9 ve va\u0161em za\u0159\u00edzen\u00ed (nap\u0159. Informace o souborech cookie) ) jsou p\u0159en\u00e1\u0161eny k p\u0159\u00edslu\u0161n\u00e9mu poskytovateli pouze v p\u0159\u00edpad\u011b, \u017ee je odkaz pou\u017e\u00edv\u00e1n v\u011bdom\u011b.<\/p>\n<p>[\/et_pb_text][\/et_pb_column][\/et_pb_row][et_pb_row _builder_version=&#8220;4.4.4&#8243; global_colors_info=&#8220;{}&#8220;][et_pb_column type=&#8220;4_4&#8243; _builder_version=&#8220;4.4.4&#8243; global_colors_info=&#8220;{}&#8220;][et_pb_text _builder_version=&#8220;4.4.4&#8243; global_colors_info=&#8220;{}&#8220;]<\/p>\n<h3>Pou\u017eit\u00ed banneru cookie Cookiebot<\/h3>\n<p>Pou\u017e\u00edv\u00e1me z\u00e1suvn\u00fd modul Cookiebot k ozna\u010den\u00ed, \u017ee jsou soubory cookie nastaveny. <br \/>Wir verwenden Cookies, um Inhalte und Anzeigen zu personalisieren, Funktionen f\u00fcr soziale Medien anbieten zu k\u00f6nnen und die Zugriffe auf unsere Website zu analysieren. Au\u00dferdem geben wir Informationen zu Ihrer Verwendung unserer Website an unsere Partner f\u00fcr soziale Medien, Werbung und Analysen weiter. Unsere Partner f\u00fchren diese Informationen m\u00f6glicherweise mit weiteren Daten zusammen, die Sie ihnen bereitgestellt haben oder die sie im Rahmen Ihrer Nutzung der Dienste gesammelt haben. Informationen zu den Datenschutzbedingungen finden Sie hier: https:\/\/www.cookiebot.com\/[\/et_pb_text][\/et_pb_column][\/et_pb_row][et_pb_row _builder_version=&#8220;4.4.4&#8243; global_colors_info=&#8220;{}&#8220;][et_pb_column type=&#8220;4_4&#8243; _builder_version=&#8220;4.4.4&#8243; global_colors_info=&#8220;{}&#8220;][et_pb_text _builder_version=&#8220;4.4.4&#8243; global_colors_info=&#8220;{}&#8220;]<\/p>\n<h3>Pou\u017e\u00edv\u00e1n\u00ed Map Google<\/h3>\n<p style=\"text-align: justify;\">Tento web pou\u017e\u00edv\u00e1 Google Maps. Pokud pou\u017e\u00edv\u00e1te mapovou slu\u017ebu na t\u00e9to str\u00e1nce, budou va\u0161e data p\u0159enesena na server Google a ulo\u017eena. Va\u0161e IP adresa bude p\u0159edem zkr\u00e1cena. IP adresa ur\u010den\u00e1 Mapami Google ve va\u0161em prohl\u00ed\u017ee\u010di nebude slou\u010dena s jin\u00fdmi daty Google. Na tyto \u00fadaje se vztahuj\u00ed odli\u0161n\u00e9 podm\u00ednky ochrany \u00fadaj\u016f spole\u010dnosti Google. Dal\u0161\u00ed informace o pokynech spole\u010dnosti Google k ochran\u011b \u00fadaj\u016f naleznete na: https:\/\/www.google.de\/policies\/privacy\/<\/p>\n<p>[\/et_pb_text][\/et_pb_column][\/et_pb_row][et_pb_row _builder_version=&#8220;4.4.4&#8243; global_colors_info=&#8220;{}&#8220;][et_pb_column type=&#8220;4_4&#8243; _builder_version=&#8220;4.4.4&#8243; global_colors_info=&#8220;{}&#8220;][et_pb_text _builder_version=&#8220;4.4.4&#8243; global_colors_info=&#8220;{}&#8220;]<\/p>\n<h3>Pou\u017e\u00edv\u00e1n\u00ed webov\u00fdch p\u00edsem Google<\/h3>\n<p>Die Website nutzt im Interesse der Darstellung der Texte die von Google bereitgestellten Web Fonts. Wenn Ihr Browser diese Fonts nicht unterst\u00fctzt, wird eine Standartschrift von Ihrem Computer genutzt. Weitere Informationen zu den Datenschutzbedingungen finden Sie unter: https:\/\/www.google.de\/policies\/privacy\/[\/et_pb_text][\/et_pb_column][\/et_pb_row][et_pb_row _builder_version=&#8220;4.4.4&#8243; global_colors_info=&#8220;{}&#8220;][et_pb_column type=&#8220;4_4&#8243; _builder_version=&#8220;4.4.4&#8243; global_colors_info=&#8220;{}&#8220;][et_pb_text _builder_version=&#8220;4.4.4&#8243; global_colors_info=&#8220;{}&#8220;]<\/p>\n<h3>Org\u00e1n dozoru<\/h3>\n<p style=\"text-align: justify;\">P\u0159\u00edslu\u0161n\u00fdm dozorov\u00fdm \u00fa\u0159adem pro st\u00ed\u017enosti subjekt\u016f \u00fadaj\u016f ohledn\u011b ot\u00e1zek ochrany \u00fadaj\u016f je \u00fa\u0159edn\u00edk st\u00e1tn\u00ed ochrany spolkov\u00e9 zem\u011b, ve kter\u00e9 s\u00eddl\u00ed provozovatel webov\u00fdch str\u00e1nek, tj. V tomto p\u0159\u00edpad\u011b Svobodn\u00fd st\u00e1t Sasko. Seznam inspektor\u016f ochrany \u00fadaj\u016f v jednotliv\u00fdch spolkov\u00fdch zem\u00edch naleznete na n\u00e1sleduj\u00edc\u00edm odkazu: https:\/\/www.bfdi.bund.de\/DE\/Infothek\/Anschriften_links-node.html<\/p>\n<p>[\/et_pb_text][\/et_pb_column][\/et_pb_row][\/et_pb_section]<\/p>","protected":false},"excerpt":{"rendered":"<p>Prohl\u00e1\u0161en\u00ed o ochran\u011b \u00fadaj\u016f pro rekrea\u010dn\u00ed apartm\u00e1n \/ mont\u00e9r ubytov\u00e1n\u00ed G\u00f6cht v Delitzsch pobl\u00ed\u017e Lipska v severn\u00edm Sasku<\/p>","protected":false},"author":1,"featured_media":270,"parent":0,"menu_order":0,"comment_status":"closed","ping_status":"closed","template":"","meta":{"_et_pb_use_builder":"on","_et_pb_old_content":"","_et_gb_content_width":"","footnotes":""},"class_list":["post-34","page","type-page","status-publish","has-post-thumbnail","hentry"],"_links":{"self":[{"href":"https:\/\/monteurwohnung-vermieten.de\/cs\/wp-json\/wp\/v2\/pages\/34","targetHints":{"allow":["GET"]}}],"collection":[{"href":"https:\/\/monteurwohnung-vermieten.de\/cs\/wp-json\/wp\/v2\/pages"}],"about":[{"href":"https:\/\/monteurwohnung-vermieten.de\/cs\/wp-json\/wp\/v2\/types\/page"}],"author":[{"embeddable":true,"href":"https:\/\/monteurwohnung-vermieten.de\/cs\/wp-json\/wp\/v2\/users\/1"}],"replies":[{"embeddable":true,"href":"https:\/\/monteurwohnung-vermieten.de\/cs\/wp-json\/wp\/v2\/comments?post=34"}],"version-history":[{"count":42,"href":"https:\/\/monteurwohnung-vermieten.de\/cs\/wp-json\/wp\/v2\/pages\/34\/revisions"}],"predecessor-version":[{"id":1576,"href":"https:\/\/monteurwohnung-vermieten.de\/cs\/wp-json\/wp\/v2\/pages\/34\/revisions\/1576"}],"wp:featuredmedia":[{"embeddable":true,"href":"https:\/\/monteurwohnung-vermieten.de\/cs\/wp-json\/wp\/v2\/media\/270"}],"wp:attachment":[{"href":"https:\/\/monteurwohnung-vermieten.de\/cs\/wp-json\/wp\/v2\/media?parent=34"}],"curies":[{"name":"wp","href":"https:\/\/api.w.org\/{rel}","templated":true}]}}