{"id":1537,"date":"2021-09-22T21:31:17","date_gmt":"2021-09-22T19:31:17","guid":{"rendered":"https:\/\/monteurwohnung-vermieten.de\/?page_id=1537"},"modified":"2021-09-23T13:08:12","modified_gmt":"2021-09-23T11:08:12","slug":"agb","status":"publish","type":"page","link":"https:\/\/monteurwohnung-vermieten.de\/en\/agb\/","title":{"rendered":"Terms and Conditions (GTC"},"content":{"rendered":"<p>[et_pb_section fb_built=&#8220;1&#8243; fullwidth=&#8220;on&#8220; _builder_version=&#8220;4.10.7&#8243; _module_preset=&#8220;default&#8220; background_color=&#8220;RGBA(0,0,0,0)&#8220; global_colors_info=&#8220;{}&#8220;][et_pb_fullwidth_header title=&#8220;Allgemeine Gesch\u00e4ftsbedingungen&#8220; _builder_version=&#8220;4.10.8&#8243; _module_preset=&#8220;default&#8220; background_color=&#8220;#4C6443&#8243; hover_enabled=&#8220;0&#8243; global_colors_info=&#8220;{}&#8220; sticky_enabled=&#8220;0&#8243;]<\/p>\n<h3>Holiday apartment Goecht<\/h3>\n<p>Vermieter:<br \/>Holger G\u00f6cht<br \/>Duebener Strasse 107<br \/>04509 Delitzsch<br \/>Phone: 034202 50169<br \/>mail: info@fewo-delitzsch.de<\/p>\n<p>[\/et_pb_fullwidth_header][\/et_pb_section][et_pb_section fb_built=&#8220;1&#8243; _builder_version=&#8220;4.10.7&#8243; _module_preset=&#8220;default&#8220; global_colors_info=&#8220;{}&#8220;][et_pb_row _builder_version=&#8220;4.10.7&#8243; _module_preset=&#8220;default&#8220; global_colors_info=&#8220;{}&#8220;][et_pb_column type=&#8220;4_4&#8243; _builder_version=&#8220;4.10.7&#8243; _module_preset=&#8220;default&#8220; global_colors_info=&#8220;{}&#8220;][et_pb_text _builder_version=&#8220;4.10.7&#8243; _module_preset=&#8220;default&#8220; global_colors_info=&#8220;{}&#8220;]<\/p>\n<h3>1. Arrival \/ departure<\/h3>\n<p>The arrival can take place from 3 p.m. The departure must take place on the day of departure by 10:00 a.m. If the departure time is exceeded by more than 30 minutes, an additional night will be charged. Other arrival and departure times can be agreed individually with the landlord. If the tenant does not appear on the day of arrival by 10 p.m., the contract is deemed to have been terminated after a period of 12 hours without notification to the landlord. The landlord or his representative can then freely dispose of the property. A (partial) repayment of the rent due to early departure will not be made.<\/p>\n<p>[\/et_pb_text][et_pb_text _builder_version=&#8220;4.10.8&#8243; _module_preset=&#8220;default&#8220; global_colors_info=&#8220;{}&#8220;]<\/p>\n<h2 style=\"text-align: center;\">AGB Informationen zur Ferienwohnung\/Monteurunterkunft<\/h2>\n<p>[\/et_pb_text][et_pb_text _builder_version=&#8220;4.10.8&#8243; _module_preset=&#8220;default&#8220; global_colors_info=&#8220;{}&#8220;]<\/p>\n<h3>2. Special requests and side agreements<\/h3>\n<p>are basically possible. They require written confirmation by the landlord<\/p>\n<p>[\/et_pb_text][et_pb_text _builder_version=&#8220;4.10.8&#8243; _module_preset=&#8220;default&#8220; global_colors_info=&#8220;{}&#8220;]<\/p>\n<h3>3. Payment<\/h3>\n<p>Der Mietvertrag erh\u00e4lt mit Eingang der Anzahlung auf das Konto des Vermieters seine G\u00fcltigkeit. Die Anzahlung in H\u00f6he von 20% des Mietbetrages ist innerhalb von sieben Tagen nach Erhalt der Buchungsunterlagen zur Zahlung f\u00e4llig. Nach der erfolgten Anzahlung wird 30 Tage vor Reiseantritt die Zahlung des Restbetrages f\u00e4llig. Werden die Zahlungsfristen nicht eingehalten, so kann der Vermieter vom Vertrag zur\u00fccktreten. Die Nichtzahlung gilt als R\u00fccktritt und berechtigt zur Neuvermietung. Nebenkosten f\u00fcr Wasser, Strom, Gas, Abfall werden nicht erhoben. <\/p>\n<p>[\/et_pb_text][et_pb_text _builder_version=&#8220;4.10.8&#8243; _module_preset=&#8220;default&#8220; global_colors_info=&#8220;{}&#8220;]<\/p>\n<h3>4. Resignation<\/h3>\n<p>You can withdraw from the contract at any time. The withdrawal must be made in writing. In the event of withdrawal, you are obliged to compensate us for the damage incurred<\/p>\n<p>\u2022 vom Tag der Buchungsbest\u00e4tigung durch den Vermieter bis zum 121. Tag vor Mietbeginn keine Entsch\u00e4digung<\/p>\n<p>\u2022 vom 120. Tag bis zum 61. Tag vor Mietbeginn H\u00f6he der Anzahlung \u2022 vom 60. Tag bis zum 15. Tag vor Mietbeginn 50% des Gesamtpreises<\/p>\n<p>\u2022 vom 14. Tag bis zum 8. Tag vor Mietbeginn 80% des Gesamtpreises <\/p>\n<p>Bei einem R\u00fccktritt weniger als acht Tage vor Mietbeginn ist der volle Reisepreis zu zahlen. Es z\u00e4hlt jeweils das Empfangsdatum Ihrer R\u00fccktrittsnachricht. Bereits eingezahlte Betr\u00e4ge werden verrechnet. Eine Ersatzperson, die zu genannten Bedingungen in Ihren Vertrag eintritt, kann von Ihnen gestellt werden. Eine schriftliche Benachrichtigung gen\u00fcgt.[\/et_pb_text][et_pb_text _builder_version=&#8220;4.10.8&#8243; _module_preset=&#8220;default&#8220; global_colors_info=&#8220;{}&#8220;]<\/p>\n<h3>5. Obligations of the tenant<\/h3>\n<p>The tenant undertakes to treat the rented items (holiday home, inventory and outdoor facilities) with care. If damage occurs to the holiday home and \/ or its inventory during the tenancy, the tenant is obliged to notify the landlord of this immediately. Defects and damage already discovered on arrival must be reported to the landlord immediately, otherwise the tenant is liable for this damage. A reasonable period must be allowed to remedy damage and defects. Claims based on complaints that are not immediately reported on site are excluded. Complaints received by the landlord at the end of the stay or after leaving the holiday home are also excluded from compensation. In the event of any disruptions in performance, the tenant is obliged to do everything reasonable within the framework of his legal obligation to help remedy the disruption and to keep any damage that may have occurred to a minimum. On the day of departure, the renter must remove personal items, dispose of household rubbish in the designated containers, and store dishes clean and washed in the kitchen cupboards.<\/p>\n<p>[\/et_pb_text][et_pb_text _builder_version=&#8220;4.10.8&#8243; _module_preset=&#8220;default&#8220; global_colors_info=&#8220;{}&#8220;]<\/p>\n<h3>6. Privacy<\/h3>\n<p>Der Mieter erkl\u00e4rt sich damit einverstanden, dass im Rahmen des mit ihm abgeschlossenen Vertrages notwendige Daten \u00fcber seine Person gespeichert, ge\u00e4ndert und \/ oder gel\u00f6scht werden. Alle pers\u00f6nlichen Daten werden absolut vertraulich behandelt..<\/p>\n<p>[\/et_pb_text][et_pb_text _builder_version=&#8220;4.10.8&#8243; _module_preset=&#8220;default&#8220; global_colors_info=&#8220;{}&#8220;]<\/p>\n<h3>7. Liability<\/h3>\n<p>Die Beschreibung wurde nach bestem Wissen erstellt. F\u00fcr eine Beeinflussung des Mietobjektes durch h\u00f6here Gewalt, durch Strom- und Wasserausf\u00e4lle und Unwetter wird nicht gehaftet. Ebenso wird nicht gehaftet bei Eintritt unvorhersehbarer oder unvermeidbarer Umst\u00e4nde wie z.B. beh\u00f6rdlicher Anordnung, pl\u00f6tzlicher Baustelle oder f\u00fcr St\u00f6rungen durch naturbedingte und \u00f6rtliche Begebenheiten. Der Vermieter ist aber gern bei der Behebung der Probleme (soweit dies m\u00f6glich ist) behilflich. Eine Haftung des Vermieters f\u00fcr die Benutzung der bereitgestellten Spiel- und Sportger\u00e4te ist ausgeschlossen. Die An- und Abreise des Mieters erfolgt in eigener Verantwortung und Haftung. Der Vermieter haftet nicht f\u00fcr pers\u00f6nliche Gegenst\u00e4nde bei Diebstahl oder Feuer. F\u00fcr mutwillige Zerst\u00f6rungen bzw. Sch\u00e4den haftet der Mieter in vollem Umfang.<\/p>\n<p>[\/et_pb_text][et_pb_text _builder_version=&#8220;4.10.8&#8243; _module_preset=&#8220;default&#8220; global_colors_info=&#8220;{}&#8220;]<\/p>\n<h3>8. Schlussbestimmung<\/h3>\n<p>Photos and text on the website or in the flyer serve as a realistic description. A 100 percent match with the rental property cannot be guaranteed. The landlord reserves the right to change the equipment (e.g. furniture) provided they are equivalent. Should one or more provisions of these terms and conditions be or become ineffective, this does not affect the effectiveness of the remaining conditions. The ineffective provision is to be replaced by an effective one that comes closest to the economic and legal will of the contracting parties.<\/p>\n<p>If the property was booked via a booking portal, the respective terms and conditions of the booking portal apply.<\/p>\n<p>Es gilt deutsches Recht. Gerichtsstand und Erf\u00fcllungsort ist der Wohnort des Vermieters.<\/p>\n<p>[\/et_pb_text][\/et_pb_column][\/et_pb_row][\/et_pb_section]<\/p>","protected":false},"excerpt":{"rendered":"<p>Ferienwohnung G\u00f6cht Vermieter:Holger G\u00f6chtD\u00fcbener Stra\u00dfe 10704509 DelitzschTel.: 034202 50169Email: info@fewo-delitzsch.de1. Anreise \/ AbreiseDie Anreise kann ab 15.00 Uhr erfolgen. Die Abreise muss am Abreisetag bis 10:00 Uhr erfolgen. Eine \u00dcberziehung der Abreisezeit von mehr als 30 Minuten hat die Berechnung einer weiteren \u00dcbernachtung zur Folge. Andere An- und Abreisezeiten k\u00f6nnen mit dem Vermieter individuell vereinbart [&hellip;]<\/p>","protected":false},"author":1,"featured_media":0,"parent":0,"menu_order":0,"comment_status":"closed","ping_status":"closed","template":"","meta":{"_et_pb_use_builder":"on","_et_pb_old_content":"","_et_gb_content_width":"","footnotes":""},"class_list":["post-1537","page","type-page","status-publish","hentry"],"_links":{"self":[{"href":"https:\/\/monteurwohnung-vermieten.de\/en\/wp-json\/wp\/v2\/pages\/1537","targetHints":{"allow":["GET"]}}],"collection":[{"href":"https:\/\/monteurwohnung-vermieten.de\/en\/wp-json\/wp\/v2\/pages"}],"about":[{"href":"https:\/\/monteurwohnung-vermieten.de\/en\/wp-json\/wp\/v2\/types\/page"}],"author":[{"embeddable":true,"href":"https:\/\/monteurwohnung-vermieten.de\/en\/wp-json\/wp\/v2\/users\/1"}],"replies":[{"embeddable":true,"href":"https:\/\/monteurwohnung-vermieten.de\/en\/wp-json\/wp\/v2\/comments?post=1537"}],"version-history":[{"count":18,"href":"https:\/\/monteurwohnung-vermieten.de\/en\/wp-json\/wp\/v2\/pages\/1537\/revisions"}],"predecessor-version":[{"id":1585,"href":"https:\/\/monteurwohnung-vermieten.de\/en\/wp-json\/wp\/v2\/pages\/1537\/revisions\/1585"}],"wp:attachment":[{"href":"https:\/\/monteurwohnung-vermieten.de\/en\/wp-json\/wp\/v2\/media?parent=1537"}],"curies":[{"name":"wp","href":"https:\/\/api.w.org\/{rel}","templated":true}]}}