{"id":34,"date":"2020-04-25T09:25:07","date_gmt":"2020-04-25T09:25:07","guid":{"rendered":"http:\/\/monteurwohnung-vermieten.de\/?page_id=34"},"modified":"2021-09-23T13:00:33","modified_gmt":"2021-09-23T11:00:33","slug":"datenschutzerklaerung","status":"publish","type":"page","link":"https:\/\/monteurwohnung-vermieten.de\/en\/datenschutzerklaerung\/","title":{"rendered":"data protection"},"content":{"rendered":"<p>[et_pb_section fb_built=&#8220;1&#8243; fullwidth=&#8220;on&#8220; _builder_version=&#8220;4.10.7&#8243; _module_preset=&#8220;default&#8220; background_color=&#8220;RGBA(0,0,0,0)&#8220; global_colors_info=&#8220;{}&#8220;][et_pb_fullwidth_header title=&#8220;Datenschutzerkl\u00e4rung&#8220; _builder_version=&#8220;4.10.7&#8243; _module_preset=&#8220;default&#8220; background_color=&#8220;#4C6443&#8243; global_colors_info=&#8220;{}&#8220;]<h3>Verantwortliche Stelle und Datenschutzbeauftragter:<\/h3>\n<p>Holger G\u00f6cht<br \/>\nDuebener Strasse 107<br \/>\n04509 Delitzsch<br \/>\nPhone: 034202 50169<br \/>\nEmail: info@fewo-delitzsch.de[\/et_pb_fullwidth_header][\/et_pb_section][et_pb_section fb_built=&#8220;1&#8243; _builder_version=&#8220;4.10.4&#8243; global_colors_info=&#8220;{}&#8220;][et_pb_row _builder_version=&#8220;4.4.4&#8243; global_colors_info=&#8220;{}&#8220;][et_pb_column type=&#8220;4_4&#8243; _builder_version=&#8220;4.4.4&#8243; global_colors_info=&#8220;{}&#8220;][et_pb_text _builder_version=&#8220;4.10.7&#8243; global_colors_info=&#8220;{}&#8220;]<\/p>\n<h3>general<\/h3>\n<p style=\"text-align: justify;\">These pages were created with the WordPress Elegant Dive theme. The Divi contact form is used. The resulting data will only be used by me to process your request and will not be forwarded<br \/> The website was registered with Google Search to be found in the search engine<br \/> Access to my site is evaluated by me via Google Analytics in order to improve my search engine presence<br \/> To protect against spam, I use the Akismet Anti-Spam WordPress plugin. <br \/> To show my location, Google Maps was integrated into the website<br \/> The website uses Google Web Funds to display the texts.<br \/> I take the protection of your data very seriously. I treat your personal data confidentially and in accordance with the statutory data protection regulations and the data protection declaration.<\/p>\n<p><\/p>\n<h3>Akismet spam protection<\/h3>\n<p style=\"text-align: justify;\">Akismet checks comments and contact form submissions against the global spam database to prevent the website from posting malicious content. The different data protection conditions of Automattic apply to the data: https:\/\/automattic.com\/<\/p>\n<p>[\/et_pb_text][\/et_pb_column][\/et_pb_row][et_pb_row _builder_version=&#8220;4.10.8&#8243; _module_preset=&#8220;default&#8220;][et_pb_column _builder_version=&#8220;4.10.8&#8243; _module_preset=&#8220;default&#8220; type=&#8220;4_4&#8243;][et_pb_text _builder_version=&#8220;4.10.8&#8243; _module_preset=&#8220;default&#8220; hover_enabled=&#8220;0&#8243; sticky_enabled=&#8220;0&#8243;]<\/p>\n<h2 style=\"text-align: center;\">Datenschutzerkl\u00e4rung zur Website.<\/h2>\n<p>[\/et_pb_text][\/et_pb_column][\/et_pb_row][et_pb_row _builder_version=&#8220;4.4.4&#8243; global_colors_info=&#8220;{}&#8220;][et_pb_column type=&#8220;4_4&#8243; _builder_version=&#8220;4.4.4&#8243; global_colors_info=&#8220;{}&#8220;][et_pb_text _builder_version=&#8220;4.10.7&#8243; global_colors_info=&#8220;{}&#8220;]<\/p>\n<h3>Evaluation of the data by Google Analytics<\/h3>\n<p style=\"text-align: justify;\">>Diese Website benutzt Google Analytics und verwendet sog. \u201eCookies\u201c Textdateien, die auf Ihrem Computer gespeichert werden und die die Analyse der Benutzung der Website durch Sie erm\u00f6glichten. Die durch den Cookie erzeugten Informationen \u00fcber Ihre Benutzung werden auf einen Server von Google \u00fcbertragen und gespeicher. Im Falle der IP- Analysierung auf dieser Website wird Ihre IP-Adresse von Google jedoch zuvor gek\u00fcrzt. In meinem Auftrag nutzt Google diese Informationen um Ihre Nutzung unserer Website auszuwerten, um Reports \u00fcber die Websiteaktivit\u00e4ten zusammenzustellen und um weitere mit der Websitenutzung und der Internetnutzung verbundene Dienstleistung uns gegen\u00fcber zu erbringen. Die im Rahmen von Google Analytics von ihrem Browser \u00fcbermittelte IP-Adresse wird nicht mit anderen Daten von Google Analytics zusammengef\u00fchrt. Sie k\u00f6nnen die Speicherung der Cookies durch eine entsprechende Einstellung Ihrer Browser-Software verhindern. Sie k\u00f6nnen dar\u00fcber hinaus die Erfassung der durch das Cookie erzeugten und auf Ihre Nutzung der Website bezogenen Daten (inkl. Ihrer IP- Adresse) an Google sowie die Verarbeitung dieser Daten durch Google verhindern, indem Sie das unter dem folgenden Link verf\u00fcgbare Browser- Plugin herunterladen und installieren: http:\/\/tools.google.com\/dlpage\/gaoptout<\/p>\n<p>[\/et_pb_text][\/et_pb_column][\/et_pb_row][et_pb_row _builder_version=&#8220;4.4.4&#8243; global_colors_info=&#8220;{}&#8220;][et_pb_column type=&#8220;4_4&#8243; _builder_version=&#8220;4.4.4&#8243; global_colors_info=&#8220;{}&#8220;][et_pb_text _builder_version=&#8220;4.4.4&#8243; global_colors_info=&#8220;{}&#8220;]<\/p>\n<h3>Use of cookies<\/h3>\n<p> Cookies are text files that are stored on computers. Absolutely necessary cookies guarantee functions without which this website cannot be used as intended. These cookies are used exclusively by the operator of this website; the user's consent is not required. Therefore these cookies cannot be deactivated. Other cookies enable the website to collect information on how this website is used (e.g. for Google Analytics). I use these cookies to improve the attractiveness, content and functionality of the website and to make the website more secure. You can set your browser so that you are informed about the setting of cookies. When deactivating, the use of the website may be restricted. Cookies that require consent are only set with the prior consent of the user. You can find information on data protection conditions at: https:\/\/www.google.de\/policies\/privacy\/<\/p>\n<p>[\/et_pb_text][\/et_pb_column][\/et_pb_row][et_pb_row _builder_version=&#8220;4.4.4&#8243; global_colors_info=&#8220;{}&#8220;][et_pb_column type=&#8220;4_4&#8243; _builder_version=&#8220;4.4.4&#8243; global_colors_info=&#8220;{}&#8220;][et_pb_text _builder_version=&#8220;4.9.1&#8243; global_colors_info=&#8220;{}&#8220;]<\/p>\n<h3>Use of social plugins<\/h3>\n<p>This website does not use any mechanisms with which information automatically flows to the providers of social media services when you visit our website (social plugins).<br \/>\nAny redirects to providers of social media services such as YouTube, Facebook etc. are exclusively made via a link, so that data about your visit to our offer (e.g. IP address, time, URL) or data available on your device (e.g. cookie information ) are only transmitted to the respective provider if the link is used consciously.<\/p>\n<p>[\/et_pb_text][\/et_pb_column][\/et_pb_row][et_pb_row _builder_version=&#8220;4.4.4&#8243; global_colors_info=&#8220;{}&#8220;][et_pb_column type=&#8220;4_4&#8243; _builder_version=&#8220;4.4.4&#8243; global_colors_info=&#8220;{}&#8220;][et_pb_text _builder_version=&#8220;4.4.4&#8243; global_colors_info=&#8220;{}&#8220;]<\/p>\n<h3>Use of the cookie banner Cookiebot<\/h3>\n<p>We use the Cookiebot plug-in to indicate that cookies are set <br \/>Wir verwenden Cookies, um Inhalte und Anzeigen zu personalisieren, Funktionen f\u00fcr soziale Medien anbieten zu k\u00f6nnen und die Zugriffe auf unsere Website zu analysieren. Au\u00dferdem geben wir Informationen zu Ihrer Verwendung unserer Website an unsere Partner f\u00fcr soziale Medien, Werbung und Analysen weiter. Unsere Partner f\u00fchren diese Informationen m\u00f6glicherweise mit weiteren Daten zusammen, die Sie ihnen bereitgestellt haben oder die sie im Rahmen Ihrer Nutzung der Dienste gesammelt haben. Informationen zu den Datenschutzbedingungen finden Sie hier: https:\/\/www.cookiebot.com\/[\/et_pb_text][\/et_pb_column][\/et_pb_row][et_pb_row _builder_version=&#8220;4.4.4&#8243; global_colors_info=&#8220;{}&#8220;][et_pb_column type=&#8220;4_4&#8243; _builder_version=&#8220;4.4.4&#8243; global_colors_info=&#8220;{}&#8220;][et_pb_text _builder_version=&#8220;4.4.4&#8243; global_colors_info=&#8220;{}&#8220;]<\/p>\n<h3>Use of Google Maps<\/h3>\n<p style=\"text-align: justify;\">Transferred to Google and saved. Your IP address will be shortened beforehand. The IP address determined by Google Maps in your browser will not be merged with other Google data. Google's different data protection conditions apply to this data. You can find more information about Google's data protection guidelines at: https:\/\/www.google.de\/policies\/privacy\/<\/p>\n<p>[\/et_pb_text][\/et_pb_column][\/et_pb_row][et_pb_row _builder_version=&#8220;4.4.4&#8243; global_colors_info=&#8220;{}&#8220;][et_pb_column type=&#8220;4_4&#8243; _builder_version=&#8220;4.4.4&#8243; global_colors_info=&#8220;{}&#8220;][et_pb_text _builder_version=&#8220;4.4.4&#8243; global_colors_info=&#8220;{}&#8220;]<\/p>\n<h3>Use of Google Web Fonts<\/h3>\n<p>Die Website nutzt im Interesse der Darstellung der Texte die von Google bereitgestellten Web Fonts. Wenn Ihr Browser diese Fonts nicht unterst\u00fctzt, wird eine Standartschrift von Ihrem Computer genutzt. Weitere Informationen zu den Datenschutzbedingungen finden Sie unter: https:\/\/www.google.de\/policies\/privacy\/[\/et_pb_text][\/et_pb_column][\/et_pb_row][et_pb_row _builder_version=&#8220;4.4.4&#8243; global_colors_info=&#8220;{}&#8220;][et_pb_column type=&#8220;4_4&#8243; _builder_version=&#8220;4.4.4&#8243; global_colors_info=&#8220;{}&#8220;][et_pb_text _builder_version=&#8220;4.4.4&#8243; global_colors_info=&#8220;{}&#8220;]<\/p>\n<h3>Supervisory authority<\/h3>\n<p style=\"text-align: justify;\">The competent supervisory authority for complaints by data subjects regarding data protection issues is the state protection officer of the federal state in which the operator of the website is based, i.e. in this case the Free State of Saxony. The list of data protection officers in the individual federal states can be found at the following link: https:\/\/www.bfdi.bund.de\/DE\/Infothek\/Anschriften_links-node.html<\/p>\n<p>[\/et_pb_text][\/et_pb_column][\/et_pb_row][\/et_pb_section]<\/p>","protected":false},"excerpt":{"rendered":"<p>Data protection declaration for the holiday apartment \/ fitter accommodation G\u00f6cht in Delitzsch near Leipzig in northern Saxony<\/p>","protected":false},"author":1,"featured_media":270,"parent":0,"menu_order":0,"comment_status":"closed","ping_status":"closed","template":"","meta":{"_et_pb_use_builder":"on","_et_pb_old_content":"","_et_gb_content_width":"","footnotes":""},"class_list":["post-34","page","type-page","status-publish","has-post-thumbnail","hentry"],"_links":{"self":[{"href":"https:\/\/monteurwohnung-vermieten.de\/en\/wp-json\/wp\/v2\/pages\/34","targetHints":{"allow":["GET"]}}],"collection":[{"href":"https:\/\/monteurwohnung-vermieten.de\/en\/wp-json\/wp\/v2\/pages"}],"about":[{"href":"https:\/\/monteurwohnung-vermieten.de\/en\/wp-json\/wp\/v2\/types\/page"}],"author":[{"embeddable":true,"href":"https:\/\/monteurwohnung-vermieten.de\/en\/wp-json\/wp\/v2\/users\/1"}],"replies":[{"embeddable":true,"href":"https:\/\/monteurwohnung-vermieten.de\/en\/wp-json\/wp\/v2\/comments?post=34"}],"version-history":[{"count":42,"href":"https:\/\/monteurwohnung-vermieten.de\/en\/wp-json\/wp\/v2\/pages\/34\/revisions"}],"predecessor-version":[{"id":1576,"href":"https:\/\/monteurwohnung-vermieten.de\/en\/wp-json\/wp\/v2\/pages\/34\/revisions\/1576"}],"wp:featuredmedia":[{"embeddable":true,"href":"https:\/\/monteurwohnung-vermieten.de\/en\/wp-json\/wp\/v2\/media\/270"}],"wp:attachment":[{"href":"https:\/\/monteurwohnung-vermieten.de\/en\/wp-json\/wp\/v2\/media?parent=34"}],"curies":[{"name":"wp","href":"https:\/\/api.w.org\/{rel}","templated":true}]}}