{"id":1537,"date":"2021-09-22T21:31:17","date_gmt":"2021-09-22T19:31:17","guid":{"rendered":"https:\/\/monteurwohnung-vermieten.de\/?page_id=1537"},"modified":"2021-09-23T13:08:12","modified_gmt":"2021-09-23T11:08:12","slug":"agb","status":"publish","type":"page","link":"https:\/\/monteurwohnung-vermieten.de\/hr\/agb\/","title":{"rendered":"Uvjeti"},"content":{"rendered":"<p>[et_pb_section fb_built=&#8220;1&#8243; fullwidth=&#8220;on&#8220; _builder_version=&#8220;4.10.7&#8243; _module_preset=&#8220;default&#8220; background_color=&#8220;RGBA(0,0,0,0)&#8220; global_colors_info=&#8220;{}&#8220;][et_pb_fullwidth_header title=&#8220;Allgemeine Gesch\u00e4ftsbedingungen&#8220; _builder_version=&#8220;4.10.8&#8243; _module_preset=&#8220;default&#8220; background_color=&#8220;#4C6443&#8243; hover_enabled=&#8220;0&#8243; global_colors_info=&#8220;{}&#8220; sticky_enabled=&#8220;0&#8243;]<\/p>\n<h3>Apartman G\u00f6cht<\/h3>\n<p>Vermieter:<br \/>Holger G\u00f6cht<br \/>D\u00fcbener Strasse 107<br \/>04509 Delitzsch<br \/>Tel .: 034 202 50169<br \/>E-adresa: info@fewo-delitzsch.de<\/p>\n<p>[\/et_pb_fullwidth_header][\/et_pb_section][et_pb_section fb_built=&#8220;1&#8243; _builder_version=&#8220;4.10.7&#8243; _module_preset=&#8220;default&#8220; global_colors_info=&#8220;{}&#8220;][et_pb_row _builder_version=&#8220;4.10.7&#8243; _module_preset=&#8220;default&#8220; global_colors_info=&#8220;{}&#8220;][et_pb_column type=&#8220;4_4&#8243; _builder_version=&#8220;4.10.7&#8243; _module_preset=&#8220;default&#8220; global_colors_info=&#8220;{}&#8220;][et_pb_text _builder_version=&#8220;4.10.7&#8243; _module_preset=&#8220;default&#8220; global_colors_info=&#8220;{}&#8220;]<\/p>\n<h3>1. Anreise \/ Abreise<\/h3>\n<p>Die Anreise kann ab 15.00 Uhr erfolgen. Die Abreise muss am Abreisetag bis 10:00 Uhr erfolgen. Eine \u00dcberziehung der Abreisezeit von mehr als 30 Minuten hat die Berechnung einer weiteren \u00dcbernachtung zur Folge. Andere An- und Abreisezeiten k\u00f6nnen mit dem Vermieter individuell vereinbart werden. Sollte der Mieter am Anreisetag bis 22.00 Uhr nicht erscheinen, gilt der Vertrag nach einer Frist von 12 Stunden ohne Benachrichtigung an den Vermieter als gek\u00fcndigt. Der Vermieter oder dessen Vertreter kann dann \u00fcber das Objekt frei verf\u00fcgen. Eine (anteilige) R\u00fcckzahlung der Miete aufgrund verfr\u00fchter Abreise erfolgt grunds\u00e4tzlich nicht.<\/p>\n<p>[\/et_pb_text][et_pb_text _builder_version=&#8220;4.10.8&#8243; _module_preset=&#8220;default&#8220; global_colors_info=&#8220;{}&#8220;]<\/p>\n<h2 style=\"text-align: center;\">AGB Informationen zur Ferienwohnung\/Monteurunterkunft<\/h2>\n<p>[\/et_pb_text][et_pb_text _builder_version=&#8220;4.10.8&#8243; _module_preset=&#8220;default&#8220; global_colors_info=&#8220;{}&#8220;]<\/p>\n<h3>2. Sonderw\u00fcnsche und Nebenabreden<\/h3>\n<p>sind grunds\u00e4tzlich m\u00f6glich. Sie bed\u00fcrfen der schriftlichen Best\u00e4tigung durch den Vermieter.<\/p>\n<p>[\/et_pb_text][et_pb_text _builder_version=&#8220;4.10.8&#8243; _module_preset=&#8220;default&#8220; global_colors_info=&#8220;{}&#8220;]<\/p>\n<h3>3. Bezahlung<\/h3>\n<p>Der Mietvertrag erh\u00e4lt mit Eingang der Anzahlung auf das Konto des Vermieters seine G\u00fcltigkeit. Die Anzahlung in H\u00f6he von 20% des Mietbetrages ist innerhalb von sieben Tagen nach Erhalt der Buchungsunterlagen zur Zahlung f\u00e4llig. Nach der erfolgten Anzahlung wird 30 Tage vor Reiseantritt die Zahlung des Restbetrages f\u00e4llig. Werden die Zahlungsfristen nicht eingehalten, so kann der Vermieter vom Vertrag zur\u00fccktreten. Die Nichtzahlung gilt als R\u00fccktritt und berechtigt zur Neuvermietung. Nebenkosten f\u00fcr Wasser, Strom, Gas, Abfall werden nicht erhoben. <\/p>\n<p>[\/et_pb_text][et_pb_text _builder_version=&#8220;4.10.8&#8243; _module_preset=&#8220;default&#8220; global_colors_info=&#8220;{}&#8220;]<\/p>\n<h3>4. R\u00fccktritt<\/h3>\n<p>Sie k\u00f6nnen jederzeit vom Vertrag zur\u00fccktreten. Der R\u00fccktritt muss schriftlich erfolgen. Im Falle des R\u00fccktritts sind Sie zum Ersatz des uns entstandenen Schadens verpflichtet:<\/p>\n<p>\u2022 vom Tag der Buchungsbest\u00e4tigung durch den Vermieter bis zum 121. Tag vor Mietbeginn keine Entsch\u00e4digung<\/p>\n<p>\u2022 vom 120. Tag bis zum 61. Tag vor Mietbeginn H\u00f6he der Anzahlung \u2022 vom 60. Tag bis zum 15. Tag vor Mietbeginn 50% des Gesamtpreises<\/p>\n<p>\u2022 vom 14. Tag bis zum 8. Tag vor Mietbeginn 80% des Gesamtpreises <\/p>\n<p>Bei einem R\u00fccktritt weniger als acht Tage vor Mietbeginn ist der volle Reisepreis zu zahlen. Es z\u00e4hlt jeweils das Empfangsdatum Ihrer R\u00fccktrittsnachricht. Bereits eingezahlte Betr\u00e4ge werden verrechnet. Eine Ersatzperson, die zu genannten Bedingungen in Ihren Vertrag eintritt, kann von Ihnen gestellt werden. Eine schriftliche Benachrichtigung gen\u00fcgt.[\/et_pb_text][et_pb_text _builder_version=&#8220;4.10.8&#8243; _module_preset=&#8220;default&#8220; global_colors_info=&#8220;{}&#8220;]<\/p>\n<h3>5. Pflichten des Mieters<\/h3>\n<p>Der Mieter verpflichtet sich, die gemieteten Sachen (Ferienhaus, Inventar und Au\u00dfenanlagen) pfleglich zu behandeln. Wenn w\u00e4hrend des Mietverh\u00e4ltnisses Sch\u00e4den am Ferienhaus und \/ oder dessen Inventar auftreten, ist der Mieter verpflichtet, dies unverz\u00fcglich beim Vermieter anzuzeigen. Bereits bei der Ankunft festgestellte M\u00e4ngel und Sch\u00e4den m\u00fcssen sofort beim Vermieter gemeldet werden, ansonsten haftet der Mieter f\u00fcr diese Sch\u00e4den. Zur Beseitigung von Sch\u00e4den und M\u00e4ngeln ist eine angemessene Frist einzur\u00e4umen. Anspr\u00fcche aus Beanstandungen, die nicht unverz\u00fcglich vor Ort gemeldet werden, sind ausgeschlossen. Reklamationen, die erst am Ende des Aufenthaltes bzw. nach Verlassen des Ferienhauses bei dem Vermieter eingehen, sind ebenfalls vom Schadenersatz ausgeschlossen. Bei eventuell auftretenden Leistungsst\u00f6rungen ist der Mieter verpflichtet, alles im Rahmen seiner gesetzlichen Verpflichtung Zumutbare zu tun, um zu einer Behebung der St\u00f6rung beizutragen und eventuell entstandenen Schaden gering zu halten. Am Abreisetag sind vom Mieter pers\u00f6nliche Gegenst\u00e4nde zu entfernen, der Hausm\u00fcll ist in die vorgesehenen Beh\u00e4lter zu entsorgen, Geschirr ist sauber und abgewaschen in den K\u00fcchenschr\u00e4nken zu lagern.<\/p>\n<p>[\/et_pb_text][et_pb_text _builder_version=&#8220;4.10.8&#8243; _module_preset=&#8220;default&#8220; global_colors_info=&#8220;{}&#8220;]<\/p>\n<h3>6. Datenschutz<\/h3>\n<p>Der Mieter erkl\u00e4rt sich damit einverstanden, dass im Rahmen des mit ihm abgeschlossenen Vertrages notwendige Daten \u00fcber seine Person gespeichert, ge\u00e4ndert und \/ oder gel\u00f6scht werden. Alle pers\u00f6nlichen Daten werden absolut vertraulich behandelt..<\/p>\n<p>[\/et_pb_text][et_pb_text _builder_version=&#8220;4.10.8&#8243; _module_preset=&#8220;default&#8220; global_colors_info=&#8220;{}&#8220;]<\/p>\n<h3>7. Haftung<\/h3>\n<p>Die Beschreibung wurde nach bestem Wissen erstellt. F\u00fcr eine Beeinflussung des Mietobjektes durch h\u00f6here Gewalt, durch Strom- und Wasserausf\u00e4lle und Unwetter wird nicht gehaftet. Ebenso wird nicht gehaftet bei Eintritt unvorhersehbarer oder unvermeidbarer Umst\u00e4nde wie z.B. beh\u00f6rdlicher Anordnung, pl\u00f6tzlicher Baustelle oder f\u00fcr St\u00f6rungen durch naturbedingte und \u00f6rtliche Begebenheiten. Der Vermieter ist aber gern bei der Behebung der Probleme (soweit dies m\u00f6glich ist) behilflich. Eine Haftung des Vermieters f\u00fcr die Benutzung der bereitgestellten Spiel- und Sportger\u00e4te ist ausgeschlossen. Die An- und Abreise des Mieters erfolgt in eigener Verantwortung und Haftung. Der Vermieter haftet nicht f\u00fcr pers\u00f6nliche Gegenst\u00e4nde bei Diebstahl oder Feuer. F\u00fcr mutwillige Zerst\u00f6rungen bzw. Sch\u00e4den haftet der Mieter in vollem Umfang.<\/p>\n<p>[\/et_pb_text][et_pb_text _builder_version=&#8220;4.10.8&#8243; _module_preset=&#8220;default&#8220; global_colors_info=&#8220;{}&#8220;]<\/p>\n<h3>8. Schlussbestimmung<\/h3>\n<p>Fotos und Text auf der Webseite bzw. im Flyer dienen der realistischen Beschreibung. Die 100-prozentige \u00dcbereinstimmung mit dem Mietobjekt kann nicht gew\u00e4hrleistet werden. Der Vermieter beh\u00e4lt sich \u00c4nderungen der Ausstattung (z. B. M\u00f6bel) vor, sofern sie gleichwertig sind. Sollten eine oder mehrere Bestimmungen dieser Gesch\u00e4ftsbedingungen unwirksam sein oder werden, ber\u00fchrt dies die Wirksamkeit der \u00fcbrigen Bedingungen nicht. Die unwirksame Regelung ist durch eine wirksame zu ersetzen, die dem wirtschaftlichen und rechtlichem Willen der Vertragsparteien am nahesten kommt.<\/p>\n<p>Wenn das Objekt \u00fcber ein Buchungsportal gebucht wurde, gilt die jeweilige AGB des Buchungsportals.<\/p>\n<p>Es gilt deutsches Recht. Gerichtsstand und Erf\u00fcllungsort ist der Wohnort des Vermieters.<\/p>\n<p>[\/et_pb_text][\/et_pb_column][\/et_pb_row][\/et_pb_section]<\/p>","protected":false},"excerpt":{"rendered":"<p>Ferienwohnung G\u00f6cht Vermieter:Holger G\u00f6chtD\u00fcbener Stra\u00dfe 10704509 DelitzschTel.: 034202 50169Email: info@fewo-delitzsch.de1. Anreise \/ AbreiseDie Anreise kann ab 15.00 Uhr erfolgen. Die Abreise muss am Abreisetag bis 10:00 Uhr erfolgen. Eine \u00dcberziehung der Abreisezeit von mehr als 30 Minuten hat die Berechnung einer weiteren \u00dcbernachtung zur Folge. Andere An- und Abreisezeiten k\u00f6nnen mit dem Vermieter individuell vereinbart [&hellip;]<\/p>","protected":false},"author":1,"featured_media":0,"parent":0,"menu_order":0,"comment_status":"closed","ping_status":"closed","template":"","meta":{"_et_pb_use_builder":"on","_et_pb_old_content":"","_et_gb_content_width":"","footnotes":""},"class_list":["post-1537","page","type-page","status-publish","hentry"],"_links":{"self":[{"href":"https:\/\/monteurwohnung-vermieten.de\/hr\/wp-json\/wp\/v2\/pages\/1537","targetHints":{"allow":["GET"]}}],"collection":[{"href":"https:\/\/monteurwohnung-vermieten.de\/hr\/wp-json\/wp\/v2\/pages"}],"about":[{"href":"https:\/\/monteurwohnung-vermieten.de\/hr\/wp-json\/wp\/v2\/types\/page"}],"author":[{"embeddable":true,"href":"https:\/\/monteurwohnung-vermieten.de\/hr\/wp-json\/wp\/v2\/users\/1"}],"replies":[{"embeddable":true,"href":"https:\/\/monteurwohnung-vermieten.de\/hr\/wp-json\/wp\/v2\/comments?post=1537"}],"version-history":[{"count":18,"href":"https:\/\/monteurwohnung-vermieten.de\/hr\/wp-json\/wp\/v2\/pages\/1537\/revisions"}],"predecessor-version":[{"id":1585,"href":"https:\/\/monteurwohnung-vermieten.de\/hr\/wp-json\/wp\/v2\/pages\/1537\/revisions\/1585"}],"wp:attachment":[{"href":"https:\/\/monteurwohnung-vermieten.de\/hr\/wp-json\/wp\/v2\/media?parent=1537"}],"curies":[{"name":"wp","href":"https:\/\/api.w.org\/{rel}","templated":true}]}}