{"id":34,"date":"2020-04-25T09:25:07","date_gmt":"2020-04-25T09:25:07","guid":{"rendered":"http:\/\/monteurwohnung-vermieten.de\/?page_id=34"},"modified":"2021-09-23T13:00:33","modified_gmt":"2021-09-23T11:00:33","slug":"datenschutzerklaerung","status":"publish","type":"page","link":"https:\/\/monteurwohnung-vermieten.de\/hr\/datenschutzerklaerung\/","title":{"rendered":"privatnost"},"content":{"rendered":"<p>[et_pb_section fb_built=&#8220;1&#8243; fullwidth=&#8220;on&#8220; _builder_version=&#8220;4.10.7&#8243; _module_preset=&#8220;default&#8220; background_color=&#8220;RGBA(0,0,0,0)&#8220; global_colors_info=&#8220;{}&#8220;][et_pb_fullwidth_header title=&#8220;Datenschutzerkl\u00e4rung&#8220; _builder_version=&#8220;4.10.7&#8243; _module_preset=&#8220;default&#8220; background_color=&#8220;#4C6443&#8243; global_colors_info=&#8220;{}&#8220;]<h3>Verantwortliche Stelle und Datenschutzbeauftragter:<\/h3>\n<p>Holger G\u00f6cht<br \/>\nD\u00fcbener Strasse 107<br \/>\n04509 Delitzsch<br \/>\nTel .: 034 202 50169<br \/>\nEmail: info@fewo-delitzsch.de[\/et_pb_fullwidth_header][\/et_pb_section][et_pb_section fb_built=&#8220;1&#8243; _builder_version=&#8220;4.10.4&#8243; global_colors_info=&#8220;{}&#8220;][et_pb_row _builder_version=&#8220;4.4.4&#8243; global_colors_info=&#8220;{}&#8220;][et_pb_column type=&#8220;4_4&#8243; _builder_version=&#8220;4.4.4&#8243; global_colors_info=&#8220;{}&#8220;][et_pb_text _builder_version=&#8220;4.10.7&#8243; global_colors_info=&#8220;{}&#8220;]<\/p>\n<h3>Op\u0107enito<\/h3>\n<p style=\"text-align: justify;\">Ove su stranice kreirane s WordPress Elegant Dive temom. Koristi se obrazac za kontakt Divi. Dobivene podatke koristit \u0107u samo za obradu va\u0161eg zahtjeva i ne\u0107e biti proslije\u0111eni.<br \/> Web mjesto registrirano je na Google pretra\u017eivanju kako bi se moglo prona\u0107i u tra\u017eilici.<br \/> Pristup mojoj web stranici procjenjujem putem Google Analyticsa kako bih pobolj\u0161ao svoju prisutnost na tra\u017eilici.<br \/> Da bih se za\u0161titio od ne\u017eeljene po\u0161te, koristim dodatak Akismet Anti-Spam WordPress. <br \/> Kako bi pokazao moju lokaciju, Google Maps integriran je u web stranicu.<br \/> Web stranica koristi Google Web Fund za prikaz tekstova.<br \/> Za\u0161titu va\u0161ih podataka shva\u0107am vrlo ozbiljno. S va\u0161im osobnim podacima postupam povjerljivo i u skladu sa zakonskim propisima o za\u0161titi podataka i izjavom o za\u0161titi podataka.<\/p>\n<p><\/p>\n<h3>Akismet za\u0161tita od ne\u017eeljene po\u0161te<\/h3>\n<p style=\"text-align: justify;\">Akismet provjerava valjanost komentara i obrazaca za kontakt u odnosu na globalnu bazu ne\u017eeljene po\u0161te kako bi sprije\u010dio web mjesto da objavljuje zlonamjerni sadr\u017eaj. Na podatke se primjenjuju razli\u010diti uvjeti za\u0161tite podataka tvrtke Automattic: https:\/\/automattic.com\/<\/p>\n<p>[\/et_pb_text][\/et_pb_column][\/et_pb_row][et_pb_row _builder_version=&#8220;4.10.8&#8243; _module_preset=&#8220;default&#8220;][et_pb_column _builder_version=&#8220;4.10.8&#8243; _module_preset=&#8220;default&#8220; type=&#8220;4_4&#8243;][et_pb_text _builder_version=&#8220;4.10.8&#8243; _module_preset=&#8220;default&#8220; hover_enabled=&#8220;0&#8243; sticky_enabled=&#8220;0&#8243;]<\/p>\n<h2 style=\"text-align: center;\">Datenschutzerkl\u00e4rung zur Website.<\/h2>\n<p>[\/et_pb_text][\/et_pb_column][\/et_pb_row][et_pb_row _builder_version=&#8220;4.4.4&#8243; global_colors_info=&#8220;{}&#8220;][et_pb_column type=&#8220;4_4&#8243; _builder_version=&#8220;4.4.4&#8243; global_colors_info=&#8220;{}&#8220;][et_pb_text _builder_version=&#8220;4.10.7&#8243; global_colors_info=&#8220;{}&#8220;]<\/p>\n<h3>Procjena podataka pomo\u0107u Google Analyticsa<\/h3>\n<p style=\"text-align: justify;\">>Diese Website benutzt Google Analytics und verwendet sog. \u201eCookies\u201c Textdateien, die auf Ihrem Computer gespeichert werden und die die Analyse der Benutzung der Website durch Sie erm\u00f6glichten. Die durch den Cookie erzeugten Informationen \u00fcber Ihre Benutzung werden auf einen Server von Google \u00fcbertragen und gespeicher. Im Falle der IP- Analysierung auf dieser Website wird Ihre IP-Adresse von Google jedoch zuvor gek\u00fcrzt. In meinem Auftrag nutzt Google diese Informationen um Ihre Nutzung unserer Website auszuwerten, um Reports \u00fcber die Websiteaktivit\u00e4ten zusammenzustellen und um weitere mit der Websitenutzung und der Internetnutzung verbundene Dienstleistung uns gegen\u00fcber zu erbringen. Die im Rahmen von Google Analytics von ihrem Browser \u00fcbermittelte IP-Adresse wird nicht mit anderen Daten von Google Analytics zusammengef\u00fchrt. Sie k\u00f6nnen die Speicherung der Cookies durch eine entsprechende Einstellung Ihrer Browser-Software verhindern. Sie k\u00f6nnen dar\u00fcber hinaus die Erfassung der durch das Cookie erzeugten und auf Ihre Nutzung der Website bezogenen Daten (inkl. Ihrer IP- Adresse) an Google sowie die Verarbeitung dieser Daten durch Google verhindern, indem Sie das unter dem folgenden Link verf\u00fcgbare Browser- Plugin herunterladen und installieren: http:\/\/tools.google.com\/dlpage\/gaoptout<\/p>\n<p>[\/et_pb_text][\/et_pb_column][\/et_pb_row][et_pb_row _builder_version=&#8220;4.4.4&#8243; global_colors_info=&#8220;{}&#8220;][et_pb_column type=&#8220;4_4&#8243; _builder_version=&#8220;4.4.4&#8243; global_colors_info=&#8220;{}&#8220;][et_pb_text _builder_version=&#8220;4.4.4&#8243; global_colors_info=&#8220;{}&#8220;]<\/p>\n<h3>Kori\u0161tenje kola\u010di\u0107a<\/h3>\n<p> Kola\u010di\u0107i su tekstualne datoteke pohranjene na ra\u010dunalima. Apsolutno potrebni kola\u010di\u0107i jam\u010de funkcije bez kojih se ova web stranica ne mo\u017ee koristiti kako je predvi\u0111eno. Ove kola\u010di\u0107e koristi isklju\u010divo operater ove web stranice; pristanak korisnika nije potreban. Stoga se ovi kola\u010di\u0107i ne mogu deaktivirati. Ostali kola\u010di\u0107i omogu\u0107uju web mjestu da prikuplja informacije o na\u010dinu kori\u0161tenja ove web stranice (npr. Za Google Analytics). Koristim ove kola\u010di\u0107e da bih pobolj\u0161ao atraktivnost, sadr\u017eaj i funkcionalnost web stranice te kako bih web mjesto u\u010dinio sigurnijim. Mo\u017eete postaviti svoj preglednik tako da budete informirani o postavljanju kola\u010di\u0107a. Prilikom deaktiviranja, kori\u0161tenje web stranice mo\u017ee biti ograni\u010deno. Kola\u010di\u0107i za koje je potreban pristanak postavljaju se samo uz prethodni pristanak korisnika. Informacije o uvjetima za\u0161tite podataka mo\u017eete prona\u0107i na: https:\/\/www.google.de\/policies\/privacy\/<\/p>\n<p>[\/et_pb_text][\/et_pb_column][\/et_pb_row][et_pb_row _builder_version=&#8220;4.4.4&#8243; global_colors_info=&#8220;{}&#8220;][et_pb_column type=&#8220;4_4&#8243; _builder_version=&#8220;4.4.4&#8243; global_colors_info=&#8220;{}&#8220;][et_pb_text _builder_version=&#8220;4.9.1&#8243; global_colors_info=&#8220;{}&#8220;]<\/p>\n<h3>Kori\u0161tenje dodataka za dru\u0161tvene mre\u017ee<\/h3>\n<p>Ova web stranica ne koristi nikakve mehanizme pomo\u0107u kojih informacije automatski dolaze do pru\u017eatelja usluga dru\u0161tvenih medija kada posjetite na\u0161u web stranicu (dodaci za dru\u0161tvene mre\u017ee).<br \/>\nSva preusmjeravanja na pru\u017eatelje usluga dru\u0161tvenih medija kao \u0161to su YouTube, Facebook itd. Vr\u0161e se isklju\u010divo putem veze, tako da podaci o va\u0161em posjetu na\u0161oj ponudi (npr. IP adresa, vrijeme, URL) ili podaci dostupni na va\u0161em ure\u0111aju (npr. Podaci o kola\u010di\u0107ima). ) prenose se odgovaraju\u0107em davatelju usluge samo ako se veza koristi svjesno.<\/p>\n<p>[\/et_pb_text][\/et_pb_column][\/et_pb_row][et_pb_row _builder_version=&#8220;4.4.4&#8243; global_colors_info=&#8220;{}&#8220;][et_pb_column type=&#8220;4_4&#8243; _builder_version=&#8220;4.4.4&#8243; global_colors_info=&#8220;{}&#8220;][et_pb_text _builder_version=&#8220;4.4.4&#8243; global_colors_info=&#8220;{}&#8220;]<\/p>\n<h3>Kori\u0161tenje natpisa Cookiebot cookie<\/h3>\n<p>Koristimo dodatak Cookiebot kako bismo nazna\u010dili da su postavljeni kola\u010di\u0107i. <br \/>Wir verwenden Cookies, um Inhalte und Anzeigen zu personalisieren, Funktionen f\u00fcr soziale Medien anbieten zu k\u00f6nnen und die Zugriffe auf unsere Website zu analysieren. Au\u00dferdem geben wir Informationen zu Ihrer Verwendung unserer Website an unsere Partner f\u00fcr soziale Medien, Werbung und Analysen weiter. Unsere Partner f\u00fchren diese Informationen m\u00f6glicherweise mit weiteren Daten zusammen, die Sie ihnen bereitgestellt haben oder die sie im Rahmen Ihrer Nutzung der Dienste gesammelt haben. Informationen zu den Datenschutzbedingungen finden Sie hier: https:\/\/www.cookiebot.com\/[\/et_pb_text][\/et_pb_column][\/et_pb_row][et_pb_row _builder_version=&#8220;4.4.4&#8243; global_colors_info=&#8220;{}&#8220;][et_pb_column type=&#8220;4_4&#8243; _builder_version=&#8220;4.4.4&#8243; global_colors_info=&#8220;{}&#8220;][et_pb_text _builder_version=&#8220;4.4.4&#8243; global_colors_info=&#8220;{}&#8220;]<\/p>\n<h3>Kori\u0161tenje Google Mapsa<\/h3>\n<p style=\"text-align: justify;\">Ova web stranica koristi Google Maps. Ako koristite uslugu karte na ovoj stranici, va\u0161i \u0107e se podaci prenijeti na Googleov poslu\u017eitelj i spremiti. Va\u0161a IP adresa bit \u0107e unaprijed skra\u0107ena. IP adresa koju u va\u0161em pregledniku utvrde Google Maps ne\u0107e se spojiti s ostalim Googleovim podacima. Na te se podatke primjenjuju razli\u010diti Googleovi uvjeti za\u0161tite podataka. Vi\u0161e informacija o Googleovim smjernicama za za\u0161titu podataka mo\u017eete prona\u0107i na: https:\/\/www.google.de\/policies\/privacy\/<\/p>\n<p>[\/et_pb_text][\/et_pb_column][\/et_pb_row][et_pb_row _builder_version=&#8220;4.4.4&#8243; global_colors_info=&#8220;{}&#8220;][et_pb_column type=&#8220;4_4&#8243; _builder_version=&#8220;4.4.4&#8243; global_colors_info=&#8220;{}&#8220;][et_pb_text _builder_version=&#8220;4.4.4&#8243; global_colors_info=&#8220;{}&#8220;]<\/p>\n<h3>Kori\u0161tenje Google web fontova<\/h3>\n<p>Die Website nutzt im Interesse der Darstellung der Texte die von Google bereitgestellten Web Fonts. Wenn Ihr Browser diese Fonts nicht unterst\u00fctzt, wird eine Standartschrift von Ihrem Computer genutzt. Weitere Informationen zu den Datenschutzbedingungen finden Sie unter: https:\/\/www.google.de\/policies\/privacy\/[\/et_pb_text][\/et_pb_column][\/et_pb_row][et_pb_row _builder_version=&#8220;4.4.4&#8243; global_colors_info=&#8220;{}&#8220;][et_pb_column type=&#8220;4_4&#8243; _builder_version=&#8220;4.4.4&#8243; global_colors_info=&#8220;{}&#8220;][et_pb_text _builder_version=&#8220;4.4.4&#8243; global_colors_info=&#8220;{}&#8220;]<\/p>\n<h3>Nadzorno tijelo<\/h3>\n<p style=\"text-align: justify;\">Nadle\u017eno nadzorno tijelo za pritu\u017ebe subjekata podataka u vezi s pitanjima za\u0161tite podataka je dr\u017eavni slu\u017ebenik za za\u0161titu savezne dr\u017eave u kojoj je sjedi\u0161te operatora web mjesta, tj. U ovom slu\u010daju Slobodna dr\u017eava Saska. Popis slu\u017ebenika za za\u0161titu podataka u pojedinim saveznim dr\u017eavama nalazi se na sljede\u0107oj poveznici: https:\/\/www.bfdi.bund.de\/DE\/Infothek\/Anschriften_links-node.html<\/p>\n<p>[\/et_pb_text][\/et_pb_column][\/et_pb_row][\/et_pb_section]<\/p>","protected":false},"excerpt":{"rendered":"<p>Izjava o za\u0161titi podataka za apartman \/ monter G\u00f6cht u Delitzschu blizu Leipziga na sjeveru Saske<\/p>","protected":false},"author":1,"featured_media":270,"parent":0,"menu_order":0,"comment_status":"closed","ping_status":"closed","template":"","meta":{"_et_pb_use_builder":"on","_et_pb_old_content":"","_et_gb_content_width":"","footnotes":""},"class_list":["post-34","page","type-page","status-publish","has-post-thumbnail","hentry"],"_links":{"self":[{"href":"https:\/\/monteurwohnung-vermieten.de\/hr\/wp-json\/wp\/v2\/pages\/34","targetHints":{"allow":["GET"]}}],"collection":[{"href":"https:\/\/monteurwohnung-vermieten.de\/hr\/wp-json\/wp\/v2\/pages"}],"about":[{"href":"https:\/\/monteurwohnung-vermieten.de\/hr\/wp-json\/wp\/v2\/types\/page"}],"author":[{"embeddable":true,"href":"https:\/\/monteurwohnung-vermieten.de\/hr\/wp-json\/wp\/v2\/users\/1"}],"replies":[{"embeddable":true,"href":"https:\/\/monteurwohnung-vermieten.de\/hr\/wp-json\/wp\/v2\/comments?post=34"}],"version-history":[{"count":42,"href":"https:\/\/monteurwohnung-vermieten.de\/hr\/wp-json\/wp\/v2\/pages\/34\/revisions"}],"predecessor-version":[{"id":1576,"href":"https:\/\/monteurwohnung-vermieten.de\/hr\/wp-json\/wp\/v2\/pages\/34\/revisions\/1576"}],"wp:featuredmedia":[{"embeddable":true,"href":"https:\/\/monteurwohnung-vermieten.de\/hr\/wp-json\/wp\/v2\/media\/270"}],"wp:attachment":[{"href":"https:\/\/monteurwohnung-vermieten.de\/hr\/wp-json\/wp\/v2\/media?parent=34"}],"curies":[{"name":"wp","href":"https:\/\/api.w.org\/{rel}","templated":true}]}}