{"id":34,"date":"2020-04-25T09:25:07","date_gmt":"2020-04-25T09:25:07","guid":{"rendered":"http:\/\/monteurwohnung-vermieten.de\/?page_id=34"},"modified":"2021-09-23T13:00:33","modified_gmt":"2021-09-23T11:00:33","slug":"datenschutzerklaerung","status":"publish","type":"page","link":"https:\/\/monteurwohnung-vermieten.de\/pl\/datenschutzerklaerung\/","title":{"rendered":"Prywatno\u015b\u0107"},"content":{"rendered":"<p>[et_pb_section fb_built=&#8220;1&#8243; fullwidth=&#8220;on&#8220; _builder_version=&#8220;4.10.7&#8243; _module_preset=&#8220;default&#8220; background_color=&#8220;RGBA(0,0,0,0)&#8220; global_colors_info=&#8220;{}&#8220;][et_pb_fullwidth_header title=&#8220;Datenschutzerkl\u00e4rung&#8220; _builder_version=&#8220;4.10.7&#8243; _module_preset=&#8220;default&#8220; background_color=&#8220;#4C6443&#8243; global_colors_info=&#8220;{}&#8220;]<h3>Verantwortliche Stelle und Datenschutzbeauftragter:<\/h3>\n<p>Holger G\u00f6cht<br \/>\nD\u00fcbener Strasse 107<br \/>\n04509 Delitzsch<br \/>\nTelefon: 034202 50169<br \/>\nEmail: info@fewo-delitzsch.de[\/et_pb_fullwidth_header][\/et_pb_section][et_pb_section fb_built=&#8220;1&#8243; _builder_version=&#8220;4.10.4&#8243; global_colors_info=&#8220;{}&#8220;][et_pb_row _builder_version=&#8220;4.4.4&#8243; global_colors_info=&#8220;{}&#8220;][et_pb_column type=&#8220;4_4&#8243; _builder_version=&#8220;4.4.4&#8243; global_colors_info=&#8220;{}&#8220;][et_pb_text _builder_version=&#8220;4.10.7&#8243; global_colors_info=&#8220;{}&#8220;]<\/p>\n<h3>Genera\u0142<\/h3>\n<p style=\"text-align: justify;\">Te strony zosta\u0142y stworzone z motywem WordPress Elegant Dive. U\u017cywany jest formularz kontaktowy Divi. Uzyskane dane zostan\u0105 wykorzystane wy\u0142\u0105cznie przeze mnie w celu przetworzenia Twojego \u017c\u0105dania i nie zostan\u0105 przekazane dalej.<br \/> Witryna zosta\u0142a zarejestrowana w wyszukiwarce Google w celu znalezienia si\u0119 w wyszukiwarce.<br \/> Dost\u0119p do mojej witryny jest przeze mnie oceniany za po\u015brednictwem Google Analytics w celu poprawy mojej obecno\u015bci w wyszukiwarkach.<br \/> Aby chroni\u0107 si\u0119 przed spamem, u\u017cywam wtyczki Akismet Anti-Spam WordPress. <br \/> Aby pokaza\u0107 moj\u0105 lokalizacj\u0119, Google Maps zosta\u0142o zintegrowane ze stron\u0105 internetow\u0105.<br \/> Witryna korzysta z Google Web Funds do wy\u015bwietlania tekst\u00f3w.<br \/> Bardzo powa\u017cnie traktuj\u0119 ochron\u0119 Twoich danych. Twoje dane osobowe traktuj\u0119 jako poufne i zgodnie z ustawowymi przepisami o ochronie danych oraz o\u015bwiadczeniem o ochronie danych.<\/p>\n<p><\/p>\n<h3>Ochrona przed spamem Akismet<\/h3>\n<p style=\"text-align: justify;\">Akismet weryfikuje komentarze i przes\u0142ane formularze kontaktowe w globalnej bazie danych spamu, aby zapobiec wysy\u0142aniu przez witryn\u0119 z\u0142o\u015bliwej tre\u015bci. W odniesieniu do danych obowi\u0105zuj\u0105 r\u00f3\u017cne warunki ochrony danych firmy Automattic: https:\/\/automattic.com\/<\/p>\n<p>[\/et_pb_text][\/et_pb_column][\/et_pb_row][et_pb_row _builder_version=&#8220;4.10.8&#8243; _module_preset=&#8220;default&#8220;][et_pb_column _builder_version=&#8220;4.10.8&#8243; _module_preset=&#8220;default&#8220; type=&#8220;4_4&#8243;][et_pb_text _builder_version=&#8220;4.10.8&#8243; _module_preset=&#8220;default&#8220; hover_enabled=&#8220;0&#8243; sticky_enabled=&#8220;0&#8243;]<\/p>\n<h2 style=\"text-align: center;\">Datenschutzerkl\u00e4rung zur Website.<\/h2>\n<p>[\/et_pb_text][\/et_pb_column][\/et_pb_row][et_pb_row _builder_version=&#8220;4.4.4&#8243; global_colors_info=&#8220;{}&#8220;][et_pb_column type=&#8220;4_4&#8243; _builder_version=&#8220;4.4.4&#8243; global_colors_info=&#8220;{}&#8220;][et_pb_text _builder_version=&#8220;4.10.7&#8243; global_colors_info=&#8220;{}&#8220;]<\/p>\n<h3>Ocena danych przez Google Analytics<\/h3>\n<p style=\"text-align: justify;\">>Diese Website benutzt Google Analytics und verwendet sog. \u201eCookies\u201c Textdateien, die auf Ihrem Computer gespeichert werden und die die Analyse der Benutzung der Website durch Sie erm\u00f6glichten. Die durch den Cookie erzeugten Informationen \u00fcber Ihre Benutzung werden auf einen Server von Google \u00fcbertragen und gespeicher. Im Falle der IP- Analysierung auf dieser Website wird Ihre IP-Adresse von Google jedoch zuvor gek\u00fcrzt. In meinem Auftrag nutzt Google diese Informationen um Ihre Nutzung unserer Website auszuwerten, um Reports \u00fcber die Websiteaktivit\u00e4ten zusammenzustellen und um weitere mit der Websitenutzung und der Internetnutzung verbundene Dienstleistung uns gegen\u00fcber zu erbringen. Die im Rahmen von Google Analytics von ihrem Browser \u00fcbermittelte IP-Adresse wird nicht mit anderen Daten von Google Analytics zusammengef\u00fchrt. Sie k\u00f6nnen die Speicherung der Cookies durch eine entsprechende Einstellung Ihrer Browser-Software verhindern. Sie k\u00f6nnen dar\u00fcber hinaus die Erfassung der durch das Cookie erzeugten und auf Ihre Nutzung der Website bezogenen Daten (inkl. Ihrer IP- Adresse) an Google sowie die Verarbeitung dieser Daten durch Google verhindern, indem Sie das unter dem folgenden Link verf\u00fcgbare Browser- Plugin herunterladen und installieren: http:\/\/tools.google.com\/dlpage\/gaoptout<\/p>\n<p>[\/et_pb_text][\/et_pb_column][\/et_pb_row][et_pb_row _builder_version=&#8220;4.4.4&#8243; global_colors_info=&#8220;{}&#8220;][et_pb_column type=&#8220;4_4&#8243; _builder_version=&#8220;4.4.4&#8243; global_colors_info=&#8220;{}&#8220;][et_pb_text _builder_version=&#8220;4.4.4&#8243; global_colors_info=&#8220;{}&#8220;]<\/p>\n<h3>Korzystanie z plik\u00f3w cookie<\/h3>\n<p> Pliki cookie to pliki tekstowe przechowywane na komputerach. Absolutnie niezb\u0119dne pliki cookie gwarantuj\u0105 funkcje, bez kt\u00f3rych ta strona nie mo\u017ce by\u0107 u\u017cywana zgodnie z przeznaczeniem. Te pliki cookie s\u0105 u\u017cywane wy\u0142\u0105cznie przez operatora tej strony internetowej; zgoda u\u017cytkownika nie jest wymagana. Dlatego tych plik\u00f3w cookie nie mo\u017cna dezaktywowa\u0107. Inne pliki cookies umo\u017cliwiaj\u0105 stronie zbieranie informacji o sposobie korzystania z tej strony (np. Na potrzeby Google Analytics). U\u017cywam tych plik\u00f3w cookie, aby poprawi\u0107 atrakcyjno\u015b\u0107, zawarto\u015b\u0107 i funkcjonalno\u015b\u0107 strony internetowej oraz uczyni\u0107 j\u0105 bezpieczniejsz\u0105. Mo\u017cesz ustawi\u0107 swoj\u0105 przegl\u0105dark\u0119 tak, aby\u015b by\u0142 informowany o ustawieniach plik\u00f3w cookie. W przypadku dezaktywacji korzystanie ze strony internetowej mo\u017ce zosta\u0107 ograniczone. Pliki cookie wymagaj\u0105ce zgody s\u0105 ustawiane wy\u0142\u0105cznie za uprzedni\u0105 zgod\u0105 u\u017cytkownika. Informacje na temat warunk\u00f3w ochrony danych mo\u017cna znale\u017a\u0107 pod adresem: https:\/\/www.google.de\/policies\/privacy\/<\/p>\n<p>[\/et_pb_text][\/et_pb_column][\/et_pb_row][et_pb_row _builder_version=&#8220;4.4.4&#8243; global_colors_info=&#8220;{}&#8220;][et_pb_column type=&#8220;4_4&#8243; _builder_version=&#8220;4.4.4&#8243; global_colors_info=&#8220;{}&#8220;][et_pb_text _builder_version=&#8220;4.9.1&#8243; global_colors_info=&#8220;{}&#8220;]<\/p>\n<h3>Korzystanie z wtyczek spo\u0142eczno\u015bciowych<\/h3>\n<p>Ta strona internetowa nie wykorzystuje \u017cadnych mechanizm\u00f3w, za pomoc\u0105 kt\u00f3rych informacje s\u0105 automatycznie przesy\u0142ane do dostawc\u00f3w us\u0142ug medi\u00f3w spo\u0142eczno\u015bciowych podczas odwiedzania naszej strony internetowej (wtyczki spo\u0142eczno\u015bciowe).<br \/>\nWszelkie przekierowania do dostawc\u00f3w us\u0142ug medi\u00f3w spo\u0142eczno\u015bciowych, takich jak YouTube, Facebook itp., Odbywaj\u0105 si\u0119 wy\u0142\u0105cznie za po\u015brednictwem linku, dzi\u0119ki czemu dane o Twojej wizycie w naszej ofercie (np. Adres IP, czas, URL) lub dane dost\u0119pne na Twoim urz\u0105dzeniu (np. Informacje o plikach cookie) ) s\u0105 przesy\u0142ane do odpowiedniego dostawcy tylko wtedy, gdy \u0142\u0105cze jest u\u017cywane \u015bwiadomie.<\/p>\n<p>[\/et_pb_text][\/et_pb_column][\/et_pb_row][et_pb_row _builder_version=&#8220;4.4.4&#8243; global_colors_info=&#8220;{}&#8220;][et_pb_column type=&#8220;4_4&#8243; _builder_version=&#8220;4.4.4&#8243; global_colors_info=&#8220;{}&#8220;][et_pb_text _builder_version=&#8220;4.4.4&#8243; global_colors_info=&#8220;{}&#8220;]<\/p>\n<h3>Korzystanie z banera cookie Cookiebot<\/h3>\n<p>U\u017cywamy wtyczki Cookiebot, aby wskaza\u0107, \u017ce pliki cookie s\u0105 ustawione. <br \/>Wir verwenden Cookies, um Inhalte und Anzeigen zu personalisieren, Funktionen f\u00fcr soziale Medien anbieten zu k\u00f6nnen und die Zugriffe auf unsere Website zu analysieren. Au\u00dferdem geben wir Informationen zu Ihrer Verwendung unserer Website an unsere Partner f\u00fcr soziale Medien, Werbung und Analysen weiter. Unsere Partner f\u00fchren diese Informationen m\u00f6glicherweise mit weiteren Daten zusammen, die Sie ihnen bereitgestellt haben oder die sie im Rahmen Ihrer Nutzung der Dienste gesammelt haben. Informationen zu den Datenschutzbedingungen finden Sie hier: https:\/\/www.cookiebot.com\/[\/et_pb_text][\/et_pb_column][\/et_pb_row][et_pb_row _builder_version=&#8220;4.4.4&#8243; global_colors_info=&#8220;{}&#8220;][et_pb_column type=&#8220;4_4&#8243; _builder_version=&#8220;4.4.4&#8243; global_colors_info=&#8220;{}&#8220;][et_pb_text _builder_version=&#8220;4.4.4&#8243; global_colors_info=&#8220;{}&#8220;]<\/p>\n<h3>Korzystanie z Google Maps<\/h3>\n<p style=\"text-align: justify;\">Ta strona korzysta z Google Maps. Je\u015bli korzystasz z us\u0142ugi mapowej na tej stronie, Twoje dane zostan\u0105 przes\u0142ane na serwer Google i zapisane. Tw\u00f3j adres IP zostanie wcze\u015bniej skr\u00f3cony. Adres IP okre\u015blony przez Google Maps w Twojej przegl\u0105darce nie b\u0119dzie \u0142\u0105czony z innymi danymi Google. W odniesieniu do tych danych obowi\u0105zuj\u0105 r\u00f3\u017cne warunki ochrony danych Google. Wi\u0119cej informacji na temat wytycznych Google dotycz\u0105cych ochrony danych mo\u017cna znale\u017a\u0107 pod adresem: https:\/\/www.google.de\/policies\/privacy\/<\/p>\n<p>[\/et_pb_text][\/et_pb_column][\/et_pb_row][et_pb_row _builder_version=&#8220;4.4.4&#8243; global_colors_info=&#8220;{}&#8220;][et_pb_column type=&#8220;4_4&#8243; _builder_version=&#8220;4.4.4&#8243; global_colors_info=&#8220;{}&#8220;][et_pb_text _builder_version=&#8220;4.4.4&#8243; global_colors_info=&#8220;{}&#8220;]<\/p>\n<h3>Korzystanie z czcionek internetowych Google<\/h3>\n<p>Die Website nutzt im Interesse der Darstellung der Texte die von Google bereitgestellten Web Fonts. Wenn Ihr Browser diese Fonts nicht unterst\u00fctzt, wird eine Standartschrift von Ihrem Computer genutzt. Weitere Informationen zu den Datenschutzbedingungen finden Sie unter: https:\/\/www.google.de\/policies\/privacy\/[\/et_pb_text][\/et_pb_column][\/et_pb_row][et_pb_row _builder_version=&#8220;4.4.4&#8243; global_colors_info=&#8220;{}&#8220;][et_pb_column type=&#8220;4_4&#8243; _builder_version=&#8220;4.4.4&#8243; global_colors_info=&#8220;{}&#8220;][et_pb_text _builder_version=&#8220;4.4.4&#8243; global_colors_info=&#8220;{}&#8220;]<\/p>\n<h3>Organ nadzorczy<\/h3>\n<p style=\"text-align: justify;\">W\u0142a\u015bciwym organem nadzorczym w przypadku skarg os\u00f3b, kt\u00f3rych dane dotycz\u0105, dotycz\u0105cych kwestii ochrony danych jest krajowy inspektor ochrony kraju zwi\u0105zkowego, w kt\u00f3rym ma siedzib\u0119 operator strony internetowej, czyli w tym przypadku Wolne Pa\u0144stwo Saksonia. List\u0119 inspektor\u00f3w ochrony danych w poszczeg\u00f3lnych krajach zwi\u0105zkowych mo\u017cna znale\u017a\u0107 pod nast\u0119puj\u0105cym linkiem: https:\/\/www.bfdi.bund.de\/DE\/Infothek\/Anschriften_links-node.html<\/p>\n<p>[\/et_pb_text][\/et_pb_column][\/et_pb_row][\/et_pb_section]<\/p>","protected":false},"excerpt":{"rendered":"<p>O\u015bwiadczenie o ochronie danych mieszkania wakacyjnego \/ zakwaterowania montera G\u00f6cht w Delitzsch ko\u0142o Lipska w p\u00f3\u0142nocnej Saksonii<\/p>","protected":false},"author":1,"featured_media":270,"parent":0,"menu_order":0,"comment_status":"closed","ping_status":"closed","template":"","meta":{"_et_pb_use_builder":"on","_et_pb_old_content":"","_et_gb_content_width":"","footnotes":""},"class_list":["post-34","page","type-page","status-publish","has-post-thumbnail","hentry"],"_links":{"self":[{"href":"https:\/\/monteurwohnung-vermieten.de\/pl\/wp-json\/wp\/v2\/pages\/34","targetHints":{"allow":["GET"]}}],"collection":[{"href":"https:\/\/monteurwohnung-vermieten.de\/pl\/wp-json\/wp\/v2\/pages"}],"about":[{"href":"https:\/\/monteurwohnung-vermieten.de\/pl\/wp-json\/wp\/v2\/types\/page"}],"author":[{"embeddable":true,"href":"https:\/\/monteurwohnung-vermieten.de\/pl\/wp-json\/wp\/v2\/users\/1"}],"replies":[{"embeddable":true,"href":"https:\/\/monteurwohnung-vermieten.de\/pl\/wp-json\/wp\/v2\/comments?post=34"}],"version-history":[{"count":42,"href":"https:\/\/monteurwohnung-vermieten.de\/pl\/wp-json\/wp\/v2\/pages\/34\/revisions"}],"predecessor-version":[{"id":1576,"href":"https:\/\/monteurwohnung-vermieten.de\/pl\/wp-json\/wp\/v2\/pages\/34\/revisions\/1576"}],"wp:featuredmedia":[{"embeddable":true,"href":"https:\/\/monteurwohnung-vermieten.de\/pl\/wp-json\/wp\/v2\/media\/270"}],"wp:attachment":[{"href":"https:\/\/monteurwohnung-vermieten.de\/pl\/wp-json\/wp\/v2\/media?parent=34"}],"curies":[{"name":"wp","href":"https:\/\/api.w.org\/{rel}","templated":true}]}}