{"id":34,"date":"2020-04-25T09:25:07","date_gmt":"2020-04-25T09:25:07","guid":{"rendered":"http:\/\/monteurwohnung-vermieten.de\/?page_id=34"},"modified":"2021-09-23T13:00:33","modified_gmt":"2021-09-23T11:00:33","slug":"datenschutzerklaerung","status":"publish","type":"page","link":"https:\/\/monteurwohnung-vermieten.de\/tr\/datenschutzerklaerung\/","title":{"rendered":"gizlilik"},"content":{"rendered":"<p>[et_pb_section fb_built=&#8220;1&#8243; fullwidth=&#8220;on&#8220; _builder_version=&#8220;4.10.7&#8243; _module_preset=&#8220;default&#8220; background_color=&#8220;RGBA(0,0,0,0)&#8220; global_colors_info=&#8220;{}&#8220;][et_pb_fullwidth_header title=&#8220;Datenschutzerkl\u00e4rung&#8220; _builder_version=&#8220;4.10.7&#8243; _module_preset=&#8220;default&#8220; background_color=&#8220;#4C6443&#8243; global_colors_info=&#8220;{}&#8220;]<h3>Verantwortliche Stelle und Datenschutzbeauftragter:<\/h3>\n<p>Holger G\u00f6cht<br \/>\nD\u00fcbener Strasse 107<br \/>\n04509 Delitzsch<br \/>\nTel .: 034202 50169<br \/>\nEmail: info@fewo-delitzsch.de[\/et_pb_fullwidth_header][\/et_pb_section][et_pb_section fb_built=&#8220;1&#8243; _builder_version=&#8220;4.10.4&#8243; global_colors_info=&#8220;{}&#8220;][et_pb_row _builder_version=&#8220;4.4.4&#8243; global_colors_info=&#8220;{}&#8220;][et_pb_column type=&#8220;4_4&#8243; _builder_version=&#8220;4.4.4&#8243; global_colors_info=&#8220;{}&#8220;][et_pb_text _builder_version=&#8220;4.10.7&#8243; global_colors_info=&#8220;{}&#8220;]<\/p>\n<h3>Allgemeines<\/h3>\n<p style=\"text-align: justify;\">Diese Seiten wurden mit dem WordPress Elegant Dive-Theme erstellt. Es wird das Kontaktformular von Divi verwendet. Die daraus resultierenden Daten werden von mir ausschlie\u00dflich zur Bearbeitung Ihrer Anfrage genutzt und nicht weitergeleitet.<br \/> Die Webseite wurde bei Google Search angemeldet, um in der Suchmaschine gefunden zu werden.<br \/> Zugriffe auf meine Seite werden von mir \u00fcber Google Analytics ausgewertet, um meine Suchmaschinenpr\u00e4sens zu verbessern.<br \/> Zum Schutz vor Spams verwende ich das WordPress-Plugin Akismet Anti-Spam. <br \/> Um meinen Standort anzuzeigen, wurde Google Maps in die Website eingebunden.<br \/> Zur Darstellung der Texte nutzt die Website Google Web Fonds .<br \/> Ich nehme den Schutz Ihrer Daten sehr ernst. Ich behandle Ihre personenbezogenen Daten vertraulich und entsprechend der gesetzlichen Datenschutzvorschriften sowie der Datenschutzerkl\u00e4rung.<\/p>\n<p><\/p>\n<h3>Spamschutz Akismet<\/h3>\n<p style=\"text-align: justify;\">Akismet \u00fcberpr\u00fcft Kommentare und Kontaktformular-\u00dcbermittlungen gegen die globale Spam-Datenbank, um zu verhindern, dass die Website b\u00f6swillige Inhalte ver\u00f6ffentlicht. F\u00fcr die Daten gelten die abweichenden Datenschutzbedingungen des Unternehmens Automattic: https:\/\/automattic.com\/<\/p>\n<p>[\/et_pb_text][\/et_pb_column][\/et_pb_row][et_pb_row _builder_version=&#8220;4.10.8&#8243; _module_preset=&#8220;default&#8220;][et_pb_column _builder_version=&#8220;4.10.8&#8243; _module_preset=&#8220;default&#8220; type=&#8220;4_4&#8243;][et_pb_text _builder_version=&#8220;4.10.8&#8243; _module_preset=&#8220;default&#8220; hover_enabled=&#8220;0&#8243; sticky_enabled=&#8220;0&#8243;]<\/p>\n<h2 style=\"text-align: center;\">Datenschutzerkl\u00e4rung zur Website.<\/h2>\n<p>[\/et_pb_text][\/et_pb_column][\/et_pb_row][et_pb_row _builder_version=&#8220;4.4.4&#8243; global_colors_info=&#8220;{}&#8220;][et_pb_column type=&#8220;4_4&#8243; _builder_version=&#8220;4.4.4&#8243; global_colors_info=&#8220;{}&#8220;][et_pb_text _builder_version=&#8220;4.10.7&#8243; global_colors_info=&#8220;{}&#8220;]<\/p>\n<h3>Auswertung der Daten durch Google Analytics<\/h3>\n<p style=\"text-align: justify;\">>Diese Website benutzt Google Analytics und verwendet sog. \u201eCookies\u201c Textdateien, die auf Ihrem Computer gespeichert werden und die die Analyse der Benutzung der Website durch Sie erm\u00f6glichten. Die durch den Cookie erzeugten Informationen \u00fcber Ihre Benutzung werden auf einen Server von Google \u00fcbertragen und gespeicher. Im Falle der IP- Analysierung auf dieser Website wird Ihre IP-Adresse von Google jedoch zuvor gek\u00fcrzt. In meinem Auftrag nutzt Google diese Informationen um Ihre Nutzung unserer Website auszuwerten, um Reports \u00fcber die Websiteaktivit\u00e4ten zusammenzustellen und um weitere mit der Websitenutzung und der Internetnutzung verbundene Dienstleistung uns gegen\u00fcber zu erbringen. Die im Rahmen von Google Analytics von ihrem Browser \u00fcbermittelte IP-Adresse wird nicht mit anderen Daten von Google Analytics zusammengef\u00fchrt. Sie k\u00f6nnen die Speicherung der Cookies durch eine entsprechende Einstellung Ihrer Browser-Software verhindern. Sie k\u00f6nnen dar\u00fcber hinaus die Erfassung der durch das Cookie erzeugten und auf Ihre Nutzung der Website bezogenen Daten (inkl. Ihrer IP- Adresse) an Google sowie die Verarbeitung dieser Daten durch Google verhindern, indem Sie das unter dem folgenden Link verf\u00fcgbare Browser- Plugin herunterladen und installieren: http:\/\/tools.google.com\/dlpage\/gaoptout<\/p>\n<p>[\/et_pb_text][\/et_pb_column][\/et_pb_row][et_pb_row _builder_version=&#8220;4.4.4&#8243; global_colors_info=&#8220;{}&#8220;][et_pb_column type=&#8220;4_4&#8243; _builder_version=&#8220;4.4.4&#8243; global_colors_info=&#8220;{}&#8220;][et_pb_text _builder_version=&#8220;4.4.4&#8243; global_colors_info=&#8220;{}&#8220;]<\/p>\n<h3>Verwendung von Cookies<\/h3>\n<p> Cookies sind Textdateien, die auf Computern gespeichert werden. Unbedingt erforderliche Cookies gew\u00e4hrleisten Funktionen, ohne die diese Website nicht wie vorgesehen genutzt werden kann. Diese Cookies werden ausschlie\u00dflich vom Betreiber dieser Website verwendet, eine Einwilligung des Nutzers ist nicht erforderlich. Daher k\u00f6nnen diese Cookies nicht deaktiviert werden. Andere Cookies erm\u00f6glichen es der Website, Informationen zu sammeln, wie diese Website genutzt wird (z.B. f\u00fcr Google Analytics). Ich nutze diese Cookies um die Attraktivit\u00e4t, den Inhalt und die Funktionalit\u00e4t der Website zu verbessern und die Website sicherer zu machen. Sie k\u00f6nnen Ihren Browser so einstellen, dass sie \u00fcber das Setzen von Cookies informiert werden. Bei der Deaktivierung wird eventuell die Nutzung der Internetseite eingeschr\u00e4nkt. Zustimmungspflichtige Cookies werden nur nach vorheriger Einwilligung des Nutzers gesetzt. Informationen  zu den Datenschutzbedingungen finden Sie unter: https:\/\/www.google.de\/policies\/privacy\/<\/p>\n<p>[\/et_pb_text][\/et_pb_column][\/et_pb_row][et_pb_row _builder_version=&#8220;4.4.4&#8243; global_colors_info=&#8220;{}&#8220;][et_pb_column type=&#8220;4_4&#8243; _builder_version=&#8220;4.4.4&#8243; global_colors_info=&#8220;{}&#8220;][et_pb_text _builder_version=&#8220;4.9.1&#8243; global_colors_info=&#8220;{}&#8220;]<\/p>\n<h3>Verwendung von Social Plugins<\/h3>\n<p>Diese Website verwendet keine Mechanismen, mit denen beim Besuch unseres Angebots automatisch Informationen an die Anbieter von Social Media-Diensten flie\u00dfen (Social Plugins).<br \/>\nEtwaige Weiterleitungen zu Anbietern von Social Media-Diensten wie Youtube, Facebook etc. erfolgen ausschlie\u00dflich via Link, so dass Daten \u00fcber Ihren Besuch auf unserem Angebot (z.B. IP-Adresse, Zeitpunkt, URL) oder auf Ihrem Endger\u00e4t vorhandene Daten (z.B. Cookie-Informationen) an die jeweiligen Anbieter erst bei einer bewussten Nutzung des Links \u00fcbertragen werden.<\/p>\n<p>[\/et_pb_text][\/et_pb_column][\/et_pb_row][et_pb_row _builder_version=&#8220;4.4.4&#8243; global_colors_info=&#8220;{}&#8220;][et_pb_column type=&#8220;4_4&#8243; _builder_version=&#8220;4.4.4&#8243; global_colors_info=&#8220;{}&#8220;][et_pb_text _builder_version=&#8220;4.4.4&#8243; global_colors_info=&#8220;{}&#8220;]<\/p>\n<h3>Verwendung des Cookiebanners Cookiebot<\/h3>\n<p>Als Hinweis auf das Setzen von Cookies verwenden wir das Plugin Cookiebot. <br \/>Wir verwenden Cookies, um Inhalte und Anzeigen zu personalisieren, Funktionen f\u00fcr soziale Medien anbieten zu k\u00f6nnen und die Zugriffe auf unsere Website zu analysieren. Au\u00dferdem geben wir Informationen zu Ihrer Verwendung unserer Website an unsere Partner f\u00fcr soziale Medien, Werbung und Analysen weiter. Unsere Partner f\u00fchren diese Informationen m\u00f6glicherweise mit weiteren Daten zusammen, die Sie ihnen bereitgestellt haben oder die sie im Rahmen Ihrer Nutzung der Dienste gesammelt haben. Informationen zu den Datenschutzbedingungen finden Sie hier: https:\/\/www.cookiebot.com\/[\/et_pb_text][\/et_pb_column][\/et_pb_row][et_pb_row _builder_version=&#8220;4.4.4&#8243; global_colors_info=&#8220;{}&#8220;][et_pb_column type=&#8220;4_4&#8243; _builder_version=&#8220;4.4.4&#8243; global_colors_info=&#8220;{}&#8220;][et_pb_text _builder_version=&#8220;4.4.4&#8243; global_colors_info=&#8220;{}&#8220;]<\/p>\n<h3>Verwendung von Google Maps<\/h3>\n<p style=\"text-align: justify;\">Diese Website nutzt Google Maps. Wenn Sie den Kartendienst auf dieser Seite nutzen, werden Ihre Daten auf einen Server von Google \u00fcbertragen und gespeichert. Dabei wird Ihre IP- Adresse zuvor gek\u00fcrzt. Die im Rahmen von Google Maps in Ihrem Browser ermittelte IP- Adresse wird nicht mit anderen Daten von Google zusammengef\u00fchrt.F\u00fcr diese Daten gelten die abweichenden Datenschutzbedingungen des Unternehmens Google. Weitere Informationen zu den Datenschutzrichtlinien von Google finden Sie unter: https:\/\/www.google.de\/policies\/privacy\/<\/p>\n<p>[\/et_pb_text][\/et_pb_column][\/et_pb_row][et_pb_row _builder_version=&#8220;4.4.4&#8243; global_colors_info=&#8220;{}&#8220;][et_pb_column type=&#8220;4_4&#8243; _builder_version=&#8220;4.4.4&#8243; global_colors_info=&#8220;{}&#8220;][et_pb_text _builder_version=&#8220;4.4.4&#8243; global_colors_info=&#8220;{}&#8220;]<\/p>\n<h3>Verwendung von Google Web Fonts<\/h3>\n<p>Die Website nutzt im Interesse der Darstellung der Texte die von Google bereitgestellten Web Fonts. Wenn Ihr Browser diese Fonts nicht unterst\u00fctzt, wird eine Standartschrift von Ihrem Computer genutzt. Weitere Informationen zu den Datenschutzbedingungen finden Sie unter: https:\/\/www.google.de\/policies\/privacy\/[\/et_pb_text][\/et_pb_column][\/et_pb_row][et_pb_row _builder_version=&#8220;4.4.4&#8243; global_colors_info=&#8220;{}&#8220;][et_pb_column type=&#8220;4_4&#8243; _builder_version=&#8220;4.4.4&#8243; global_colors_info=&#8220;{}&#8220;][et_pb_text _builder_version=&#8220;4.4.4&#8243; global_colors_info=&#8220;{}&#8220;]<\/p>\n<h3>Zust\u00e4ndige Aufsichtsbeh\u00f6rde<\/h3>\n<p style=\"text-align: justify;\">Die zust\u00e4ndige Aufsichtsbeh\u00f6rde f\u00fcr Beschwerden Betroffener bei datenschutzrechtlichen Fragen ist der Landesschutzbeauftragte des Bundeslandes, in dem der Betreiber der Website seinen Sitz hat, also in diesem Fall der Freistaat Sachsen. Die Liste der Datenschutzbeauftragten der einzelnen Bundesl\u00e4nder k\u00f6nnen folgenden Link entnommen werden: https:\/\/www.bfdi.bund.de\/DE\/Infothek\/Anschriften_links-node.html<\/p>\n<p>[\/et_pb_text][\/et_pb_column][\/et_pb_row][\/et_pb_section]<\/p>","protected":false},"excerpt":{"rendered":"<p>Datenschutzerkl\u00e4rung zur Ferienwohnung\/Monteurunterkunft G\u00f6cht in Delitzsch bei Leipzig in Nordsachsen<\/p>","protected":false},"author":1,"featured_media":270,"parent":0,"menu_order":0,"comment_status":"closed","ping_status":"closed","template":"","meta":{"_et_pb_use_builder":"on","_et_pb_old_content":"","_et_gb_content_width":"","footnotes":""},"class_list":["post-34","page","type-page","status-publish","has-post-thumbnail","hentry"],"_links":{"self":[{"href":"https:\/\/monteurwohnung-vermieten.de\/tr\/wp-json\/wp\/v2\/pages\/34","targetHints":{"allow":["GET"]}}],"collection":[{"href":"https:\/\/monteurwohnung-vermieten.de\/tr\/wp-json\/wp\/v2\/pages"}],"about":[{"href":"https:\/\/monteurwohnung-vermieten.de\/tr\/wp-json\/wp\/v2\/types\/page"}],"author":[{"embeddable":true,"href":"https:\/\/monteurwohnung-vermieten.de\/tr\/wp-json\/wp\/v2\/users\/1"}],"replies":[{"embeddable":true,"href":"https:\/\/monteurwohnung-vermieten.de\/tr\/wp-json\/wp\/v2\/comments?post=34"}],"version-history":[{"count":42,"href":"https:\/\/monteurwohnung-vermieten.de\/tr\/wp-json\/wp\/v2\/pages\/34\/revisions"}],"predecessor-version":[{"id":1576,"href":"https:\/\/monteurwohnung-vermieten.de\/tr\/wp-json\/wp\/v2\/pages\/34\/revisions\/1576"}],"wp:featuredmedia":[{"embeddable":true,"href":"https:\/\/monteurwohnung-vermieten.de\/tr\/wp-json\/wp\/v2\/media\/270"}],"wp:attachment":[{"href":"https:\/\/monteurwohnung-vermieten.de\/tr\/wp-json\/wp\/v2\/media?parent=34"}],"curies":[{"name":"wp","href":"https:\/\/api.w.org\/{rel}","templated":true}]}}